{"id":1027,"date":"2026-02-03T02:25:42","date_gmt":"2026-02-03T02:25:42","guid":{"rendered":"https:\/\/cial.law\/?page_id=1027"},"modified":"2026-02-04T01:52:42","modified_gmt":"2026-02-04T01:52:42","slug":"natalia-barreda-dominguez","status":"publish","type":"page","link":"https:\/\/cial.law\/en\/natalia-barreda-dominguez\/","title":{"rendered":"Natalia Barreda Dom\u00ednguez"},"content":{"rendered":"<div data-elementor-type=\"wp-page\" data-elementor-id=\"1027\" class=\"elementor elementor-1027\" data-elementor-post-type=\"page\">\n\t\t\t\t<div class=\"elementor-element elementor-element-9b743b1 e-flex e-con-boxed e-con e-parent\" data-id=\"9b743b1\" data-element_type=\"container\" data-e-type=\"container\">\n\t\t\t\t\t<div class=\"e-con-inner\">\n\t\t\t\t<div class=\"elementor-element elementor-element-93fc4ce elementor-widget elementor-widget-spacer\" data-id=\"93fc4ce\" data-element_type=\"widget\" data-e-type=\"widget\" data-widget_type=\"spacer.default\">\n\t\t\t\t\t\t\t<div class=\"elementor-spacer\">\n\t\t\t<div class=\"elementor-spacer-inner\"><\/div>\n\t\t<\/div>\n\t\t\t\t\t\t<\/div>\n\t\t\t\t\t<\/div>\n\t\t\t\t<\/div>\n\t\t<div class=\"elementor-element elementor-element-773de15 e-flex e-con-boxed e-con e-parent\" data-id=\"773de15\" data-element_type=\"container\" data-e-type=\"container\">\n\t\t\t\t\t<div class=\"e-con-inner\">\n\t\t<div class=\"elementor-element elementor-element-23a5c14 e-con-full e-flex e-con e-child\" data-id=\"23a5c14\" data-element_type=\"container\" data-e-type=\"container\">\n\t\t<div class=\"elementor-element elementor-element-c4f9074 e-con-full e-flex e-con e-child\" data-id=\"c4f9074\" data-element_type=\"container\" data-e-type=\"container\">\n\t\t\t\t<div class=\"elementor-element elementor-element-926581e elementor-widget elementor-widget-image\" data-id=\"926581e\" data-element_type=\"widget\" data-e-type=\"widget\" data-widget_type=\"image.default\">\n\t\t\t\t\t\t\t\t\t\t\t\t\t\t\t<img fetchpriority=\"high\" decoding=\"async\" width=\"800\" height=\"800\" src=\"https:\/\/cial.law\/wp-content\/uploads\/2026\/02\/Natalia-Barreda-Dominguez-1024x1024.webp\" class=\"attachment-large size-large wp-image-1031\" alt=\"\" srcset=\"https:\/\/cial.law\/wp-content\/uploads\/2026\/02\/Natalia-Barreda-Dominguez-1024x1024.webp 1024w, https:\/\/cial.law\/wp-content\/uploads\/2026\/02\/Natalia-Barreda-Dominguez-300x300.webp 300w, https:\/\/cial.law\/wp-content\/uploads\/2026\/02\/Natalia-Barreda-Dominguez-150x150.webp 150w, https:\/\/cial.law\/wp-content\/uploads\/2026\/02\/Natalia-Barreda-Dominguez-768x768.webp 768w, https:\/\/cial.law\/wp-content\/uploads\/2026\/02\/Natalia-Barreda-Dominguez.webp 1200w\" sizes=\"(max-width: 800px) 100vw, 800px\" \/>\t\t\t\t\t\t\t\t\t\t\t\t\t\t\t<\/div>\n\t\t\t\t<\/div>\n\t\t<div class=\"elementor-element elementor-element-12bd924 e-con-full e-flex e-con e-child\" data-id=\"12bd924\" data-element_type=\"container\" data-e-type=\"container\">\n\t\t\t\t<div class=\"elementor-element elementor-element-8ea9d44 elementor-widget elementor-widget-heading\" data-id=\"8ea9d44\" data-element_type=\"widget\" data-e-type=\"widget\" data-widget_type=\"heading.default\">\n\t\t\t\t\t<h2 class=\"elementor-heading-title elementor-size-default\">Natalia Barreda Dom\u00ednguez<\/h2>\t\t\t\t<\/div>\n\t\t\t\t<div class=\"elementor-element elementor-element-75c9720 elementor-widget-divider--view-line elementor-widget elementor-widget-divider\" data-id=\"75c9720\" data-element_type=\"widget\" data-e-type=\"widget\" data-widget_type=\"divider.default\">\n\t\t\t\t\t\t\t<div class=\"elementor-divider\">\n\t\t\t<span class=\"elementor-divider-separator\">\n\t\t\t\t\t\t<\/span>\n\t\t<\/div>\n\t\t\t\t\t\t<\/div>\n\t\t\t\t<div class=\"elementor-element elementor-element-9d8c687 elementor-widget elementor-widget-text-editor\" data-id=\"9d8c687\" data-element_type=\"widget\" data-e-type=\"widget\" data-widget_type=\"text-editor.default\">\n\t\t\t\t\t\t\t\t\t<p><span class=\"s5\">Arquitecta por la Universidad Nacional de San Agust\u00edn de Arequipa<\/span><span class=\"s5\"> (UNSA),<\/span><span class=\"s5\"> Per\u00fa<\/span><span class=\"s5\">.<\/span> <span class=\"s5\">M\u00e1ster<\/span><span class=\"s5\"> en Urbanismo y Ordenaci\u00f3n del Territorio<\/span> <span class=\"s5\">por la Universidad de Sevilla<\/span><span class=\"s5\">,<\/span><span class=\"s5\"> Espa\u00f1a. <\/span><span class=\"s5\">Master<\/span> <span class=\"s5\">of<\/span><span class=\"s5\"> Business <\/span><span class=\"s5\">Administration<\/span><span class=\"s5\"> (MBA) por el<\/span> <span class=\"s5\">Instituto de Estudios Superiores de la Empresa (IESE)<\/span><span class=\"s5\"> Business School<\/span><span class=\"s5\"> de la Universidad de Navarra, Espa\u00f1a<\/span><span class=\"s5\">. <\/span><span class=\"s5\">Diplomado <\/span><span class=\"s5\">en <\/span><span class=\"s5\">Contrataciones del Estado<\/span><span class=\"s5\"> por la <\/span><span class=\"s5\">Universidad Continental<\/span><span class=\"s5\"> (UC)<\/span><span class=\"s5\">. Gesti\u00f3n de <\/span><span class=\"s5\">P<\/span><span class=\"s5\">royectos <\/span><span class=\"s5\">por el <\/span><span class=\"s5\">Massachusetts <\/span><span class=\"s5\">Institute<\/span> <span class=\"s5\">of<\/span> <span class=\"s5\">Technology <\/span><span class=\"s5\">(MIT), Estados Unidos.<\/span><span class=\"s5\"> Practitioner en Programaci\u00f3n Neuroling\u00fc\u00edstica<\/span><span class=\"s5\"> por <\/span><span class=\"s5\">DEHAC<\/span><span class=\"s5\">,<\/span><span class=\"s5\"> Denver<\/span><span class=\"s5\">, Estados Unidos.<\/span><span class=\"s5\"> \u00a0Cursos de especializaci\u00f3n en Resoluci\u00f3n Positiva de Conflictos. Trainer Certificada en Radical <\/span><span class=\"s5\">Collaboration<\/span><span class=\"s5\">.<\/span><span class=\"s5\"><br \/><\/span><span class=\"s5\">M\u00e1s de 25 a\u00f1os de experiencia en ejecuci\u00f3n de Proyectos de Construcci\u00f3n de edificaciones e infraestructura civil. \u00a0Actualmente, es Gerente General y <\/span><span class=\"s5\">Founder<\/span><span class=\"s5\"> de 3 6 9 CONCEPTO. Participa como miembro de <\/span><span class=\"s5\">JRDs<\/span><span class=\"s5\"> y <\/span><span class=\"s5\">DABs<\/span><span class=\"s5\"> en proyectos de gran envergadura\u00a0en\u00a0<\/span><span class=\"s5\">el <\/span><span class=\"s5\">Per\u00fa.<\/span><\/p>\t\t\t\t\t\t\t\t<\/div>\n\t\t\t\t<\/div>\n\t\t\t\t<\/div>\n\t\t\t\t\t<\/div>\n\t\t\t\t<\/div>\n\t\t<div class=\"elementor-element elementor-element-e8e2100 e-flex e-con-boxed e-con e-parent\" data-id=\"e8e2100\" data-element_type=\"container\" data-e-type=\"container\">\n\t\t\t\t\t<div class=\"e-con-inner\">\n\t\t\t\t<div class=\"elementor-element elementor-element-194c163 elementor-widget elementor-widget-spacer\" data-id=\"194c163\" data-element_type=\"widget\" data-e-type=\"widget\" data-widget_type=\"spacer.default\">\n\t\t\t\t\t\t\t<div class=\"elementor-spacer\">\n\t\t\t<div class=\"elementor-spacer-inner\"><\/div>\n\t\t<\/div>\n\t\t\t\t\t\t<\/div>\n\t\t\t\t\t<\/div>\n\t\t\t\t<\/div>\n\t\t\t\t<\/div>","protected":false},"excerpt":{"rendered":"<p>Natalia Barreda Dom\u00ednguez Arquitecta por la Universidad Nacional de San Agust\u00edn de Arequipa (UNSA), Per\u00fa. M\u00e1ster en Urbanismo y Ordenaci\u00f3n del Territorio por la Universidad de Sevilla, Espa\u00f1a. Master of Business Administration (MBA) por el Instituto de Estudios Superiores de la Empresa (IESE) Business School de la Universidad de Navarra, Espa\u00f1a. Diplomado en Contrataciones del [&hellip;]<\/p>\n","protected":false},"author":1,"featured_media":0,"parent":0,"menu_order":0,"comment_status":"closed","ping_status":"closed","template":"","meta":{"footnotes":""},"class_list":["post-1027","page","type-page","status-publish","hentry"],"yoast_head":"<!-- This site is optimized with the Yoast SEO plugin v27.4 - https:\/\/yoast.com\/product\/yoast-seo-wordpress\/ -->\n<title>Natalia Barreda Dom\u00ednguez - Centro Internacional de Arbitraje de Lima<\/title>\n<meta name=\"description\" content=\"El Centro Internacional de Arbitraje de Lima (CIARB LIMA) es un centro especializado en la administraci\u00f3n de arbitrajes y mecanismos alternativos de resoluci\u00f3n de disputas, tanto nacionales como internacionales, bajo est\u00e1ndares de excelencia, imparcialidad y eficiencia, en l\u00ednea con la normativa peruana y las mejores pr\u00e1cticas internacionales\" \/>\n<meta name=\"robots\" content=\"index, follow, max-snippet:-1, max-image-preview:large, max-video-preview:-1\" \/>\n<link rel=\"canonical\" href=\"https:\/\/cial.law\/en\/natalia-barreda-dominguez\/\" \/>\n<meta property=\"og:locale\" content=\"en_US\" \/>\n<meta property=\"og:type\" content=\"article\" \/>\n<meta property=\"og:title\" content=\"Natalia Barreda Dom\u00ednguez - Centro Internacional de Arbitraje de Lima\" \/>\n<meta property=\"og:description\" content=\"El Centro Internacional de Arbitraje de Lima (CIARB LIMA) es un centro especializado en la administraci\u00f3n de arbitrajes y mecanismos alternativos de resoluci\u00f3n de disputas, tanto nacionales como internacionales, bajo est\u00e1ndares de excelencia, imparcialidad y eficiencia, en l\u00ednea con la normativa peruana y las mejores pr\u00e1cticas internacionales\" \/>\n<meta property=\"og:url\" content=\"https:\/\/cial.law\/en\/natalia-barreda-dominguez\/\" \/>\n<meta property=\"og:site_name\" content=\"Centro Internacional de Arbitraje de Lima\" \/>\n<meta property=\"article:modified_time\" content=\"2026-02-04T01:52:42+00:00\" \/>\n<meta property=\"og:image\" content=\"https:\/\/cial.law\/wp-content\/uploads\/2026\/02\/Natalia-Barreda-Dominguez.webp\" \/>\n\t<meta property=\"og:image:width\" content=\"1200\" \/>\n\t<meta property=\"og:image:height\" content=\"1200\" \/>\n\t<meta property=\"og:image:type\" content=\"image\/webp\" \/>\n<meta name=\"twitter:card\" content=\"summary_large_image\" \/>\n<meta name=\"twitter:label1\" content=\"Est. reading time\" \/>\n\t<meta name=\"twitter:data1\" content=\"1 minute\" \/>\n<script type=\"application\/ld+json\" class=\"yoast-schema-graph\">{\"@context\":\"https:\\\/\\\/schema.org\",\"@graph\":[{\"@type\":\"WebPage\",\"@id\":\"https:\\\/\\\/cial.law\\\/natalia-barreda-dominguez\\\/\",\"url\":\"https:\\\/\\\/cial.law\\\/natalia-barreda-dominguez\\\/\",\"name\":\"Natalia Barreda Dom\u00ednguez - Centro Internacional de Arbitraje de Lima\",\"isPartOf\":{\"@id\":\"https:\\\/\\\/cial.law\\\/#website\"},\"primaryImageOfPage\":{\"@id\":\"https:\\\/\\\/cial.law\\\/natalia-barreda-dominguez\\\/#primaryimage\"},\"image\":{\"@id\":\"https:\\\/\\\/cial.law\\\/natalia-barreda-dominguez\\\/#primaryimage\"},\"thumbnailUrl\":\"https:\\\/\\\/cial.law\\\/wp-content\\\/uploads\\\/2026\\\/02\\\/Natalia-Barreda-Dominguez-1024x1024.webp\",\"datePublished\":\"2026-02-03T02:25:42+00:00\",\"dateModified\":\"2026-02-04T01:52:42+00:00\",\"description\":\"El Centro Internacional de Arbitraje de Lima (CIARB LIMA) es un centro especializado en la administraci\u00f3n de arbitrajes y mecanismos alternativos de resoluci\u00f3n de disputas, tanto nacionales como internacionales, bajo est\u00e1ndares de excelencia, imparcialidad y eficiencia, en l\u00ednea con la normativa peruana y las mejores pr\u00e1cticas internacionales\",\"breadcrumb\":{\"@id\":\"https:\\\/\\\/cial.law\\\/natalia-barreda-dominguez\\\/#breadcrumb\"},\"inLanguage\":\"en-US\",\"potentialAction\":[{\"@type\":\"ReadAction\",\"target\":[\"https:\\\/\\\/cial.law\\\/natalia-barreda-dominguez\\\/\"]}]},{\"@type\":\"ImageObject\",\"inLanguage\":\"en-US\",\"@id\":\"https:\\\/\\\/cial.law\\\/natalia-barreda-dominguez\\\/#primaryimage\",\"url\":\"https:\\\/\\\/cial.law\\\/wp-content\\\/uploads\\\/2026\\\/02\\\/Natalia-Barreda-Dominguez-1024x1024.webp\",\"contentUrl\":\"https:\\\/\\\/cial.law\\\/wp-content\\\/uploads\\\/2026\\\/02\\\/Natalia-Barreda-Dominguez-1024x1024.webp\"},{\"@type\":\"BreadcrumbList\",\"@id\":\"https:\\\/\\\/cial.law\\\/natalia-barreda-dominguez\\\/#breadcrumb\",\"itemListElement\":[{\"@type\":\"ListItem\",\"position\":1,\"name\":\"Home\",\"item\":\"https:\\\/\\\/cial.law\\\/\"},{\"@type\":\"ListItem\",\"position\":2,\"name\":\"Natalia Barreda Dom\u00ednguez\"}]},{\"@type\":\"WebSite\",\"@id\":\"https:\\\/\\\/cial.law\\\/#website\",\"url\":\"https:\\\/\\\/cial.law\\\/\",\"name\":\"CIARB LIMA\",\"description\":\"Centro Internacional de Arbitraje de Lima\",\"publisher\":{\"@id\":\"https:\\\/\\\/cial.law\\\/#organization\"},\"potentialAction\":[{\"@type\":\"SearchAction\",\"target\":{\"@type\":\"EntryPoint\",\"urlTemplate\":\"https:\\\/\\\/cial.law\\\/?s={search_term_string}\"},\"query-input\":{\"@type\":\"PropertyValueSpecification\",\"valueRequired\":true,\"valueName\":\"search_term_string\"}}],\"inLanguage\":\"en-US\"},{\"@type\":\"Organization\",\"@id\":\"https:\\\/\\\/cial.law\\\/#organization\",\"name\":\"Centro Internacional de Arbitraje de Lima\",\"url\":\"https:\\\/\\\/cial.law\\\/\",\"logo\":{\"@type\":\"ImageObject\",\"inLanguage\":\"en-US\",\"@id\":\"https:\\\/\\\/cial.law\\\/#\\\/schema\\\/logo\\\/image\\\/\",\"url\":\"https:\\\/\\\/cial.law\\\/wp-content\\\/uploads\\\/2026\\\/01\\\/escudo-1.png\",\"contentUrl\":\"https:\\\/\\\/cial.law\\\/wp-content\\\/uploads\\\/2026\\\/01\\\/escudo-1.png\",\"width\":900,\"height\":1049,\"caption\":\"Centro Internacional de Arbitraje de Lima\"},\"image\":{\"@id\":\"https:\\\/\\\/cial.law\\\/#\\\/schema\\\/logo\\\/image\\\/\"}}]}<\/script>\n<!-- \/ Yoast SEO plugin. -->","yoast_head_json":{"title":"Natalia Barreda Dom\u00ednguez - Centro Internacional de Arbitraje de Lima","description":"El Centro Internacional de Arbitraje de Lima (CIARB LIMA) es un centro especializado en la administraci\u00f3n de arbitrajes y mecanismos alternativos de resoluci\u00f3n de disputas, tanto nacionales como internacionales, bajo est\u00e1ndares de excelencia, imparcialidad y eficiencia, en l\u00ednea con la normativa peruana y las mejores pr\u00e1cticas internacionales","robots":{"index":"index","follow":"follow","max-snippet":"max-snippet:-1","max-image-preview":"max-image-preview:large","max-video-preview":"max-video-preview:-1"},"canonical":"https:\/\/cial.law\/en\/natalia-barreda-dominguez\/","og_locale":"en_US","og_type":"article","og_title":"Natalia Barreda Dom\u00ednguez - Centro Internacional de Arbitraje de Lima","og_description":"El Centro Internacional de Arbitraje de Lima (CIARB LIMA) es un centro especializado en la administraci\u00f3n de arbitrajes y mecanismos alternativos de resoluci\u00f3n de disputas, tanto nacionales como internacionales, bajo est\u00e1ndares de excelencia, imparcialidad y eficiencia, en l\u00ednea con la normativa peruana y las mejores pr\u00e1cticas internacionales","og_url":"https:\/\/cial.law\/en\/natalia-barreda-dominguez\/","og_site_name":"Centro Internacional de Arbitraje de Lima","article_modified_time":"2026-02-04T01:52:42+00:00","og_image":[{"width":1200,"height":1200,"url":"https:\/\/cial.law\/wp-content\/uploads\/2026\/02\/Natalia-Barreda-Dominguez.webp","type":"image\/webp"}],"twitter_card":"summary_large_image","twitter_misc":{"Est. reading time":"1 minute"},"schema":{"@context":"https:\/\/schema.org","@graph":[{"@type":"WebPage","@id":"https:\/\/cial.law\/natalia-barreda-dominguez\/","url":"https:\/\/cial.law\/natalia-barreda-dominguez\/","name":"Natalia Barreda Dom\u00ednguez - Centro Internacional de Arbitraje de Lima","isPartOf":{"@id":"https:\/\/cial.law\/#website"},"primaryImageOfPage":{"@id":"https:\/\/cial.law\/natalia-barreda-dominguez\/#primaryimage"},"image":{"@id":"https:\/\/cial.law\/natalia-barreda-dominguez\/#primaryimage"},"thumbnailUrl":"https:\/\/cial.law\/wp-content\/uploads\/2026\/02\/Natalia-Barreda-Dominguez-1024x1024.webp","datePublished":"2026-02-03T02:25:42+00:00","dateModified":"2026-02-04T01:52:42+00:00","description":"El Centro Internacional de Arbitraje de Lima (CIARB LIMA) es un centro especializado en la administraci\u00f3n de arbitrajes y mecanismos alternativos de resoluci\u00f3n de disputas, tanto nacionales como internacionales, bajo est\u00e1ndares de excelencia, imparcialidad y eficiencia, en l\u00ednea con la normativa peruana y las mejores pr\u00e1cticas internacionales","breadcrumb":{"@id":"https:\/\/cial.law\/natalia-barreda-dominguez\/#breadcrumb"},"inLanguage":"en-US","potentialAction":[{"@type":"ReadAction","target":["https:\/\/cial.law\/natalia-barreda-dominguez\/"]}]},{"@type":"ImageObject","inLanguage":"en-US","@id":"https:\/\/cial.law\/natalia-barreda-dominguez\/#primaryimage","url":"https:\/\/cial.law\/wp-content\/uploads\/2026\/02\/Natalia-Barreda-Dominguez-1024x1024.webp","contentUrl":"https:\/\/cial.law\/wp-content\/uploads\/2026\/02\/Natalia-Barreda-Dominguez-1024x1024.webp"},{"@type":"BreadcrumbList","@id":"https:\/\/cial.law\/natalia-barreda-dominguez\/#breadcrumb","itemListElement":[{"@type":"ListItem","position":1,"name":"Home","item":"https:\/\/cial.law\/"},{"@type":"ListItem","position":2,"name":"Natalia Barreda Dom\u00ednguez"}]},{"@type":"WebSite","@id":"https:\/\/cial.law\/#website","url":"https:\/\/cial.law\/","name":"CIARB LIMA","description":"Lima International Arbitration Center","publisher":{"@id":"https:\/\/cial.law\/#organization"},"potentialAction":[{"@type":"SearchAction","target":{"@type":"EntryPoint","urlTemplate":"https:\/\/cial.law\/?s={search_term_string}"},"query-input":{"@type":"PropertyValueSpecification","valueRequired":true,"valueName":"search_term_string"}}],"inLanguage":"en-US"},{"@type":"Organization","@id":"https:\/\/cial.law\/#organization","name":"Lima International Arbitration Center","url":"https:\/\/cial.law\/","logo":{"@type":"ImageObject","inLanguage":"en-US","@id":"https:\/\/cial.law\/#\/schema\/logo\/image\/","url":"https:\/\/cial.law\/wp-content\/uploads\/2026\/01\/escudo-1.png","contentUrl":"https:\/\/cial.law\/wp-content\/uploads\/2026\/01\/escudo-1.png","width":900,"height":1049,"caption":"Centro Internacional de Arbitraje de Lima"},"image":{"@id":"https:\/\/cial.law\/#\/schema\/logo\/image\/"}}]}},"_links":{"self":[{"href":"https:\/\/cial.law\/en\/wp-json\/wp\/v2\/pages\/1027","targetHints":{"allow":["GET"]}}],"collection":[{"href":"https:\/\/cial.law\/en\/wp-json\/wp\/v2\/pages"}],"about":[{"href":"https:\/\/cial.law\/en\/wp-json\/wp\/v2\/types\/page"}],"author":[{"embeddable":true,"href":"https:\/\/cial.law\/en\/wp-json\/wp\/v2\/users\/1"}],"replies":[{"embeddable":true,"href":"https:\/\/cial.law\/en\/wp-json\/wp\/v2\/comments?post=1027"}],"version-history":[{"count":13,"href":"https:\/\/cial.law\/en\/wp-json\/wp\/v2\/pages\/1027\/revisions"}],"predecessor-version":[{"id":1061,"href":"https:\/\/cial.law\/en\/wp-json\/wp\/v2\/pages\/1027\/revisions\/1061"}],"wp:attachment":[{"href":"https:\/\/cial.law\/en\/wp-json\/wp\/v2\/media?parent=1027"}],"curies":[{"name":"wp","href":"https:\/\/api.w.org\/{rel}","templated":true}]}}