{"id":1086,"date":"2026-02-08T14:45:24","date_gmt":"2026-02-08T14:45:24","guid":{"rendered":"https:\/\/cial.law\/?page_id=1086"},"modified":"2026-02-10T02:38:11","modified_gmt":"2026-02-10T02:38:11","slug":"walter-del-aguila-2","status":"publish","type":"page","link":"https:\/\/cial.law\/en\/walter-del-aguila-2\/","title":{"rendered":"Walter Del \u00c1guila"},"content":{"rendered":"<div data-elementor-type=\"wp-page\" data-elementor-id=\"1086\" class=\"elementor elementor-1086\" data-elementor-post-type=\"page\">\n\t\t\t\t<div class=\"elementor-element elementor-element-9b743b1 e-flex e-con-boxed e-con e-parent\" data-id=\"9b743b1\" data-element_type=\"container\" data-e-type=\"container\">\n\t\t\t\t\t<div class=\"e-con-inner\">\n\t\t\t\t<div class=\"elementor-element elementor-element-93fc4ce elementor-widget elementor-widget-spacer\" data-id=\"93fc4ce\" data-element_type=\"widget\" data-e-type=\"widget\" data-widget_type=\"spacer.default\">\n\t\t\t\t\t\t\t<div class=\"elementor-spacer\">\n\t\t\t<div class=\"elementor-spacer-inner\"><\/div>\n\t\t<\/div>\n\t\t\t\t\t\t<\/div>\n\t\t\t\t\t<\/div>\n\t\t\t\t<\/div>\n\t\t<div class=\"elementor-element elementor-element-773de15 e-flex e-con-boxed e-con e-parent\" data-id=\"773de15\" data-element_type=\"container\" data-e-type=\"container\">\n\t\t\t\t\t<div class=\"e-con-inner\">\n\t\t<div class=\"elementor-element elementor-element-23a5c14 e-con-full e-flex e-con e-child\" data-id=\"23a5c14\" data-element_type=\"container\" data-e-type=\"container\">\n\t\t<div class=\"elementor-element elementor-element-c4f9074 e-con-full e-flex e-con e-child\" data-id=\"c4f9074\" data-element_type=\"container\" data-e-type=\"container\">\n\t\t\t\t<div class=\"elementor-element elementor-element-926581e elementor-widget elementor-widget-image\" data-id=\"926581e\" data-element_type=\"widget\" data-e-type=\"widget\" data-widget_type=\"image.default\">\n\t\t\t\t\t\t\t\t\t\t\t\t\t\t\t<img fetchpriority=\"high\" decoding=\"async\" width=\"800\" height=\"800\" src=\"https:\/\/cial.law\/wp-content\/uploads\/2026\/02\/Walter-Del-Aguila--1024x1024.webp\" class=\"attachment-large size-large wp-image-1072\" alt=\"\" srcset=\"https:\/\/cial.law\/wp-content\/uploads\/2026\/02\/Walter-Del-Aguila--1024x1024.webp 1024w, https:\/\/cial.law\/wp-content\/uploads\/2026\/02\/Walter-Del-Aguila--300x300.webp 300w, https:\/\/cial.law\/wp-content\/uploads\/2026\/02\/Walter-Del-Aguila--150x150.webp 150w, https:\/\/cial.law\/wp-content\/uploads\/2026\/02\/Walter-Del-Aguila--768x768.webp 768w, https:\/\/cial.law\/wp-content\/uploads\/2026\/02\/Walter-Del-Aguila-.webp 1200w\" sizes=\"(max-width: 800px) 100vw, 800px\" \/>\t\t\t\t\t\t\t\t\t\t\t\t\t\t\t<\/div>\n\t\t\t\t<\/div>\n\t\t<div class=\"elementor-element elementor-element-12bd924 e-con-full e-flex e-con e-child\" data-id=\"12bd924\" data-element_type=\"container\" data-e-type=\"container\">\n\t\t\t\t<div class=\"elementor-element elementor-element-8ea9d44 elementor-widget elementor-widget-heading\" data-id=\"8ea9d44\" data-element_type=\"widget\" data-e-type=\"widget\" data-widget_type=\"heading.default\">\n\t\t\t\t\t<h2 class=\"elementor-heading-title elementor-size-default\">Walter Del \u00c1guila<\/h2>\t\t\t\t<\/div>\n\t\t\t\t<div class=\"elementor-element elementor-element-75c9720 elementor-widget-divider--view-line elementor-widget elementor-widget-divider\" data-id=\"75c9720\" data-element_type=\"widget\" data-e-type=\"widget\" data-widget_type=\"divider.default\">\n\t\t\t\t\t\t\t<div class=\"elementor-divider\">\n\t\t\t<span class=\"elementor-divider-separator\">\n\t\t\t\t\t\t<\/span>\n\t\t<\/div>\n\t\t\t\t\t\t<\/div>\n\t\t\t\t<div class=\"elementor-element elementor-element-9d8c687 elementor-widget elementor-widget-text-editor\" data-id=\"9d8c687\" data-element_type=\"widget\" data-e-type=\"widget\" data-widget_type=\"text-editor.default\">\n\t\t\t\t\t\t\t\t\t<p>Abogado, miembro del Ilustre Colegio de Abogados de Lima (CAL) y The New York City Bar Association (NYC Bar), con s\u00f3lida trayectoria en arbitraje y mecanismos de resoluci\u00f3n alternativa de disputas (ADR). \u00c1rbitro acreditado en instituciones arbitrales nacionales e internacionales; adjudicador acreditado por el Consejo Departamental del Callao del Colegio de Ingenieros del Per\u00fa; y conciliador extrajudicial acreditado por el Ministerio de Justicia y Derechos Humanos (MINJUSDH) del Per\u00fa. Cuenta con estudios de posgrado en la Maestr\u00eda en Derecho Internacional Econ\u00f3mico de la Pontificia Universidad Cat\u00f3lica del Per\u00fa (PUCP). Especialista en arbitraje comercial \u2014nacional e internacional\u2014, arbitraje de inversiones, contrataci\u00f3n p\u00fablica, otros ADR y <em>Dispute Boards<\/em>.<\/p><p>Es miembro de reconocidas organizaciones internacionales, entre ellas la Miami International Arbitration Society (MIAS), la Asociaci\u00f3n Juristas de Iberoam\u00e9rica (ASJURIB) y la Uni\u00f3n Internacional de Abogados (UIA). Es presidente fundador del Miami International Arbitration Center (MIAC); presidente del Comit\u00e9 de Arbitraje de la C\u00e1mara de Comercio Latina de los Estados Unidos (CAMACOL); y presidente de la Sociedad Peruana de Derecho Internacional Econ\u00f3mico (SPDIE).<\/p><p>Ha desarrollado actividad docente en universidades peruanas. Entre los a\u00f1os 2009 y 2011 se desempe\u00f1\u00f3 como Consultor-Docente del Programa <em>\u201cLiderazgo para la Transformaci\u00f3n\u201d<\/em> de la Corporaci\u00f3n Andina de Fomento (CAF), en alianza estrat\u00e9gica con el Instituto de Gobierno de la Universidad de San Mart\u00edn de Porres (USMP), contribuyendo a la formaci\u00f3n de l\u00edderes en diversas regiones del Per\u00fa.<\/p><p>Ha recibido distinciones honor\u00edficas por su trayectoria profesional, entre ellas el reconocimiento como <em>\u201cVisitante Ilustre\u201d<\/em> del Ilustre Colegio de Abogados de Huancavelica (ICAH) y la condecoraci\u00f3n en el grado de <em>\u201cGran Cruz\u201d<\/em> otorgada por la Municipalidad Distrital de V\u00e9gueta, Huaura, Lima, Per\u00fa. Es, asimismo, <em>\u201cMiembro de Honor\u201d<\/em> de la Academia Peruana de Historia Militar (APHM).<\/p>\t\t\t\t\t\t\t\t<\/div>\n\t\t\t\t<\/div>\n\t\t\t\t<\/div>\n\t\t\t\t\t<\/div>\n\t\t\t\t<\/div>\n\t\t<div class=\"elementor-element elementor-element-e8e2100 e-flex e-con-boxed e-con e-parent\" data-id=\"e8e2100\" data-element_type=\"container\" data-e-type=\"container\">\n\t\t\t\t\t<div class=\"e-con-inner\">\n\t\t\t\t<div class=\"elementor-element elementor-element-194c163 elementor-widget elementor-widget-spacer\" data-id=\"194c163\" data-element_type=\"widget\" data-e-type=\"widget\" data-widget_type=\"spacer.default\">\n\t\t\t\t\t\t\t<div class=\"elementor-spacer\">\n\t\t\t<div class=\"elementor-spacer-inner\"><\/div>\n\t\t<\/div>\n\t\t\t\t\t\t<\/div>\n\t\t\t\t\t<\/div>\n\t\t\t\t<\/div>\n\t\t\t\t<\/div>","protected":false},"excerpt":{"rendered":"<p>Walter Del \u00c1guila Abogado, miembro del Ilustre Colegio de Abogados de Lima (CAL) y The New York City Bar Association (NYC Bar), con s\u00f3lida trayectoria en arbitraje y mecanismos de resoluci\u00f3n alternativa de disputas (ADR). \u00c1rbitro acreditado en instituciones arbitrales nacionales e internacionales; adjudicador acreditado por el Consejo Departamental del Callao del Colegio de Ingenieros [&hellip;]<\/p>\n","protected":false},"author":1,"featured_media":0,"parent":0,"menu_order":0,"comment_status":"closed","ping_status":"closed","template":"","meta":{"footnotes":""},"class_list":["post-1086","page","type-page","status-publish","hentry"],"yoast_head":"<!-- This site is optimized with the Yoast SEO plugin v27.4 - https:\/\/yoast.com\/product\/yoast-seo-wordpress\/ -->\n<title>Walter Del \u00c1guila - Centro Internacional de Arbitraje de Lima<\/title>\n<meta name=\"description\" content=\"El Centro Internacional de Arbitraje de Lima (CIARB LIMA) es un centro especializado en la administraci\u00f3n de arbitrajes y mecanismos alternativos de resoluci\u00f3n de disputas, tanto nacionales como internacionales, bajo est\u00e1ndares de excelencia, imparcialidad y eficiencia, en l\u00ednea con la normativa peruana y las mejores pr\u00e1cticas internacionales\" \/>\n<meta name=\"robots\" content=\"index, follow, max-snippet:-1, max-image-preview:large, max-video-preview:-1\" \/>\n<link rel=\"canonical\" href=\"https:\/\/cial.law\/en\/walter-del-aguila-2\/\" \/>\n<meta property=\"og:locale\" content=\"en_US\" \/>\n<meta property=\"og:type\" content=\"article\" \/>\n<meta property=\"og:title\" content=\"Walter Del \u00c1guila - Centro Internacional de Arbitraje de Lima\" \/>\n<meta property=\"og:description\" content=\"El Centro Internacional de Arbitraje de Lima (CIARB LIMA) es un centro especializado en la administraci\u00f3n de arbitrajes y mecanismos alternativos de resoluci\u00f3n de disputas, tanto nacionales como internacionales, bajo est\u00e1ndares de excelencia, imparcialidad y eficiencia, en l\u00ednea con la normativa peruana y las mejores pr\u00e1cticas internacionales\" \/>\n<meta property=\"og:url\" content=\"https:\/\/cial.law\/en\/walter-del-aguila-2\/\" \/>\n<meta property=\"og:site_name\" content=\"Centro Internacional de Arbitraje de Lima\" \/>\n<meta property=\"article:modified_time\" content=\"2026-02-10T02:38:11+00:00\" \/>\n<meta property=\"og:image\" content=\"https:\/\/cial.law\/wp-content\/uploads\/2026\/02\/Walter-Del-Aguila-.webp\" \/>\n\t<meta property=\"og:image:width\" content=\"1200\" \/>\n\t<meta property=\"og:image:height\" content=\"1200\" \/>\n\t<meta property=\"og:image:type\" content=\"image\/webp\" \/>\n<meta name=\"twitter:card\" content=\"summary_large_image\" \/>\n<meta name=\"twitter:label1\" content=\"Est. reading time\" \/>\n\t<meta name=\"twitter:data1\" content=\"2 minutes\" \/>\n<script type=\"application\/ld+json\" class=\"yoast-schema-graph\">{\"@context\":\"https:\\\/\\\/schema.org\",\"@graph\":[{\"@type\":\"WebPage\",\"@id\":\"https:\\\/\\\/cial.law\\\/walter-del-aguila-2\\\/\",\"url\":\"https:\\\/\\\/cial.law\\\/walter-del-aguila-2\\\/\",\"name\":\"Walter Del \u00c1guila - Centro Internacional de Arbitraje de Lima\",\"isPartOf\":{\"@id\":\"https:\\\/\\\/cial.law\\\/#website\"},\"primaryImageOfPage\":{\"@id\":\"https:\\\/\\\/cial.law\\\/walter-del-aguila-2\\\/#primaryimage\"},\"image\":{\"@id\":\"https:\\\/\\\/cial.law\\\/walter-del-aguila-2\\\/#primaryimage\"},\"thumbnailUrl\":\"https:\\\/\\\/cial.law\\\/wp-content\\\/uploads\\\/2026\\\/02\\\/Walter-Del-Aguila--1024x1024.webp\",\"datePublished\":\"2026-02-08T14:45:24+00:00\",\"dateModified\":\"2026-02-10T02:38:11+00:00\",\"description\":\"El Centro Internacional de Arbitraje de Lima (CIARB LIMA) es un centro especializado en la administraci\u00f3n de arbitrajes y mecanismos alternativos de resoluci\u00f3n de disputas, tanto nacionales como internacionales, bajo est\u00e1ndares de excelencia, imparcialidad y eficiencia, en l\u00ednea con la normativa peruana y las mejores pr\u00e1cticas internacionales\",\"breadcrumb\":{\"@id\":\"https:\\\/\\\/cial.law\\\/walter-del-aguila-2\\\/#breadcrumb\"},\"inLanguage\":\"en-US\",\"potentialAction\":[{\"@type\":\"ReadAction\",\"target\":[\"https:\\\/\\\/cial.law\\\/walter-del-aguila-2\\\/\"]}]},{\"@type\":\"ImageObject\",\"inLanguage\":\"en-US\",\"@id\":\"https:\\\/\\\/cial.law\\\/walter-del-aguila-2\\\/#primaryimage\",\"url\":\"https:\\\/\\\/cial.law\\\/wp-content\\\/uploads\\\/2026\\\/02\\\/Walter-Del-Aguila--1024x1024.webp\",\"contentUrl\":\"https:\\\/\\\/cial.law\\\/wp-content\\\/uploads\\\/2026\\\/02\\\/Walter-Del-Aguila--1024x1024.webp\"},{\"@type\":\"BreadcrumbList\",\"@id\":\"https:\\\/\\\/cial.law\\\/walter-del-aguila-2\\\/#breadcrumb\",\"itemListElement\":[{\"@type\":\"ListItem\",\"position\":1,\"name\":\"Home\",\"item\":\"https:\\\/\\\/cial.law\\\/\"},{\"@type\":\"ListItem\",\"position\":2,\"name\":\"Walter Del \u00c1guila\"}]},{\"@type\":\"WebSite\",\"@id\":\"https:\\\/\\\/cial.law\\\/#website\",\"url\":\"https:\\\/\\\/cial.law\\\/\",\"name\":\"CIARB LIMA\",\"description\":\"Centro Internacional de Arbitraje de Lima\",\"publisher\":{\"@id\":\"https:\\\/\\\/cial.law\\\/#organization\"},\"potentialAction\":[{\"@type\":\"SearchAction\",\"target\":{\"@type\":\"EntryPoint\",\"urlTemplate\":\"https:\\\/\\\/cial.law\\\/?s={search_term_string}\"},\"query-input\":{\"@type\":\"PropertyValueSpecification\",\"valueRequired\":true,\"valueName\":\"search_term_string\"}}],\"inLanguage\":\"en-US\"},{\"@type\":\"Organization\",\"@id\":\"https:\\\/\\\/cial.law\\\/#organization\",\"name\":\"Centro Internacional de Arbitraje de Lima\",\"url\":\"https:\\\/\\\/cial.law\\\/\",\"logo\":{\"@type\":\"ImageObject\",\"inLanguage\":\"en-US\",\"@id\":\"https:\\\/\\\/cial.law\\\/#\\\/schema\\\/logo\\\/image\\\/\",\"url\":\"https:\\\/\\\/cial.law\\\/wp-content\\\/uploads\\\/2026\\\/01\\\/escudo-1.png\",\"contentUrl\":\"https:\\\/\\\/cial.law\\\/wp-content\\\/uploads\\\/2026\\\/01\\\/escudo-1.png\",\"width\":900,\"height\":1049,\"caption\":\"Centro Internacional de Arbitraje de Lima\"},\"image\":{\"@id\":\"https:\\\/\\\/cial.law\\\/#\\\/schema\\\/logo\\\/image\\\/\"}}]}<\/script>\n<!-- \/ Yoast SEO plugin. -->","yoast_head_json":{"title":"Walter Del \u00c1guila - Centro Internacional de Arbitraje de Lima","description":"El Centro Internacional de Arbitraje de Lima (CIARB LIMA) es un centro especializado en la administraci\u00f3n de arbitrajes y mecanismos alternativos de resoluci\u00f3n de disputas, tanto nacionales como internacionales, bajo est\u00e1ndares de excelencia, imparcialidad y eficiencia, en l\u00ednea con la normativa peruana y las mejores pr\u00e1cticas internacionales","robots":{"index":"index","follow":"follow","max-snippet":"max-snippet:-1","max-image-preview":"max-image-preview:large","max-video-preview":"max-video-preview:-1"},"canonical":"https:\/\/cial.law\/en\/walter-del-aguila-2\/","og_locale":"en_US","og_type":"article","og_title":"Walter Del \u00c1guila - Centro Internacional de Arbitraje de Lima","og_description":"El Centro Internacional de Arbitraje de Lima (CIARB LIMA) es un centro especializado en la administraci\u00f3n de arbitrajes y mecanismos alternativos de resoluci\u00f3n de disputas, tanto nacionales como internacionales, bajo est\u00e1ndares de excelencia, imparcialidad y eficiencia, en l\u00ednea con la normativa peruana y las mejores pr\u00e1cticas internacionales","og_url":"https:\/\/cial.law\/en\/walter-del-aguila-2\/","og_site_name":"Centro Internacional de Arbitraje de Lima","article_modified_time":"2026-02-10T02:38:11+00:00","og_image":[{"width":1200,"height":1200,"url":"https:\/\/cial.law\/wp-content\/uploads\/2026\/02\/Walter-Del-Aguila-.webp","type":"image\/webp"}],"twitter_card":"summary_large_image","twitter_misc":{"Est. reading time":"2 minutes"},"schema":{"@context":"https:\/\/schema.org","@graph":[{"@type":"WebPage","@id":"https:\/\/cial.law\/walter-del-aguila-2\/","url":"https:\/\/cial.law\/walter-del-aguila-2\/","name":"Walter Del \u00c1guila - Centro Internacional de Arbitraje de Lima","isPartOf":{"@id":"https:\/\/cial.law\/#website"},"primaryImageOfPage":{"@id":"https:\/\/cial.law\/walter-del-aguila-2\/#primaryimage"},"image":{"@id":"https:\/\/cial.law\/walter-del-aguila-2\/#primaryimage"},"thumbnailUrl":"https:\/\/cial.law\/wp-content\/uploads\/2026\/02\/Walter-Del-Aguila--1024x1024.webp","datePublished":"2026-02-08T14:45:24+00:00","dateModified":"2026-02-10T02:38:11+00:00","description":"El Centro Internacional de Arbitraje de Lima (CIARB LIMA) es un centro especializado en la administraci\u00f3n de arbitrajes y mecanismos alternativos de resoluci\u00f3n de disputas, tanto nacionales como internacionales, bajo est\u00e1ndares de excelencia, imparcialidad y eficiencia, en l\u00ednea con la normativa peruana y las mejores pr\u00e1cticas internacionales","breadcrumb":{"@id":"https:\/\/cial.law\/walter-del-aguila-2\/#breadcrumb"},"inLanguage":"en-US","potentialAction":[{"@type":"ReadAction","target":["https:\/\/cial.law\/walter-del-aguila-2\/"]}]},{"@type":"ImageObject","inLanguage":"en-US","@id":"https:\/\/cial.law\/walter-del-aguila-2\/#primaryimage","url":"https:\/\/cial.law\/wp-content\/uploads\/2026\/02\/Walter-Del-Aguila--1024x1024.webp","contentUrl":"https:\/\/cial.law\/wp-content\/uploads\/2026\/02\/Walter-Del-Aguila--1024x1024.webp"},{"@type":"BreadcrumbList","@id":"https:\/\/cial.law\/walter-del-aguila-2\/#breadcrumb","itemListElement":[{"@type":"ListItem","position":1,"name":"Home","item":"https:\/\/cial.law\/"},{"@type":"ListItem","position":2,"name":"Walter Del \u00c1guila"}]},{"@type":"WebSite","@id":"https:\/\/cial.law\/#website","url":"https:\/\/cial.law\/","name":"CIARB LIMA","description":"Lima International Arbitration Center","publisher":{"@id":"https:\/\/cial.law\/#organization"},"potentialAction":[{"@type":"SearchAction","target":{"@type":"EntryPoint","urlTemplate":"https:\/\/cial.law\/?s={search_term_string}"},"query-input":{"@type":"PropertyValueSpecification","valueRequired":true,"valueName":"search_term_string"}}],"inLanguage":"en-US"},{"@type":"Organization","@id":"https:\/\/cial.law\/#organization","name":"Lima International Arbitration Center","url":"https:\/\/cial.law\/","logo":{"@type":"ImageObject","inLanguage":"en-US","@id":"https:\/\/cial.law\/#\/schema\/logo\/image\/","url":"https:\/\/cial.law\/wp-content\/uploads\/2026\/01\/escudo-1.png","contentUrl":"https:\/\/cial.law\/wp-content\/uploads\/2026\/01\/escudo-1.png","width":900,"height":1049,"caption":"Centro Internacional de Arbitraje de Lima"},"image":{"@id":"https:\/\/cial.law\/#\/schema\/logo\/image\/"}}]}},"_links":{"self":[{"href":"https:\/\/cial.law\/en\/wp-json\/wp\/v2\/pages\/1086","targetHints":{"allow":["GET"]}}],"collection":[{"href":"https:\/\/cial.law\/en\/wp-json\/wp\/v2\/pages"}],"about":[{"href":"https:\/\/cial.law\/en\/wp-json\/wp\/v2\/types\/page"}],"author":[{"embeddable":true,"href":"https:\/\/cial.law\/en\/wp-json\/wp\/v2\/users\/1"}],"replies":[{"embeddable":true,"href":"https:\/\/cial.law\/en\/wp-json\/wp\/v2\/comments?post=1086"}],"version-history":[{"count":25,"href":"https:\/\/cial.law\/en\/wp-json\/wp\/v2\/pages\/1086\/revisions"}],"predecessor-version":[{"id":1197,"href":"https:\/\/cial.law\/en\/wp-json\/wp\/v2\/pages\/1086\/revisions\/1197"}],"wp:attachment":[{"href":"https:\/\/cial.law\/en\/wp-json\/wp\/v2\/media?parent=1086"}],"curies":[{"name":"wp","href":"https:\/\/api.w.org\/{rel}","templated":true}]}}