{"id":1145,"date":"2026-02-09T20:58:17","date_gmt":"2026-02-09T20:58:17","guid":{"rendered":"https:\/\/cial.law\/?page_id=1145"},"modified":"2026-02-09T22:00:28","modified_gmt":"2026-02-09T22:00:28","slug":"equipo-de-trabajo","status":"publish","type":"page","link":"https:\/\/cial.law\/en\/moot-lima\/equipo-de-trabajo\/","title":{"rendered":"Team"},"content":{"rendered":"<div data-elementor-type=\"wp-page\" data-elementor-id=\"1145\" class=\"elementor elementor-1145\" data-elementor-post-type=\"page\">\n\t\t\t\t<div class=\"elementor-element elementor-element-69a363a e-flex e-con-boxed e-con e-parent\" data-id=\"69a363a\" data-element_type=\"container\" data-e-type=\"container\">\n\t\t\t\t\t<div class=\"e-con-inner\">\n\t\t\t\t<div class=\"elementor-element elementor-element-8de9e57 elementor-widget elementor-widget-spacer\" data-id=\"8de9e57\" data-element_type=\"widget\" data-e-type=\"widget\" data-widget_type=\"spacer.default\">\n\t\t\t\t\t\t\t<div class=\"elementor-spacer\">\n\t\t\t<div class=\"elementor-spacer-inner\"><\/div>\n\t\t<\/div>\n\t\t\t\t\t\t<\/div>\n\t\t\t\t\t<\/div>\n\t\t\t\t<\/div>\n\t\t<div class=\"elementor-element elementor-element-9879514 e-flex e-con-boxed e-con e-parent\" data-id=\"9879514\" data-element_type=\"container\" data-e-type=\"container\">\n\t\t\t\t\t<div class=\"e-con-inner\">\n\t\t<div class=\"elementor-element elementor-element-2da7f25 e-con-full e-flex e-con e-child\" data-id=\"2da7f25\" data-element_type=\"container\" data-e-type=\"container\">\n\t\t<div class=\"elementor-element elementor-element-3ab42c3 e-con-full e-flex e-con e-child\" data-id=\"3ab42c3\" data-element_type=\"container\" data-e-type=\"container\">\n\t\t\t\t<div class=\"elementor-element elementor-element-47778d7 elementor-widget-divider--view-line elementor-widget elementor-widget-divider\" data-id=\"47778d7\" data-element_type=\"widget\" data-e-type=\"widget\" data-widget_type=\"divider.default\">\n\t\t\t\t\t\t\t<div class=\"elementor-divider\">\n\t\t\t<span class=\"elementor-divider-separator\">\n\t\t\t\t\t\t<\/span>\n\t\t<\/div>\n\t\t\t\t\t\t<\/div>\n\t\t\t\t<\/div>\n\t\t<div class=\"elementor-element elementor-element-2233394 e-con-full e-flex e-con e-child\" data-id=\"2233394\" data-element_type=\"container\" data-e-type=\"container\">\n\t\t<div class=\"elementor-element elementor-element-a84591e e-con-full e-flex e-con e-child\" data-id=\"a84591e\" data-element_type=\"container\" data-e-type=\"container\">\n\t\t\t\t<\/div>\n\t\t<div class=\"elementor-element elementor-element-23bcd74 e-con-full e-flex e-con e-child\" data-id=\"23bcd74\" data-element_type=\"container\" data-e-type=\"container\">\n\t\t\t\t<div class=\"elementor-element elementor-element-1eafab4 elementor-widget elementor-widget-image\" data-id=\"1eafab4\" data-element_type=\"widget\" data-e-type=\"widget\" data-widget_type=\"image.default\">\n\t\t\t\t\t\t\t\t\t\t\t\t\t\t\t<img fetchpriority=\"high\" decoding=\"async\" width=\"800\" height=\"800\" src=\"https:\/\/cial.law\/wp-content\/uploads\/2026\/02\/Walter-Del-Aguila--1024x1024.webp\" class=\"attachment-large size-large wp-image-1072\" alt=\"\" srcset=\"https:\/\/cial.law\/wp-content\/uploads\/2026\/02\/Walter-Del-Aguila--1024x1024.webp 1024w, https:\/\/cial.law\/wp-content\/uploads\/2026\/02\/Walter-Del-Aguila--300x300.webp 300w, https:\/\/cial.law\/wp-content\/uploads\/2026\/02\/Walter-Del-Aguila--150x150.webp 150w, https:\/\/cial.law\/wp-content\/uploads\/2026\/02\/Walter-Del-Aguila--768x768.webp 768w, https:\/\/cial.law\/wp-content\/uploads\/2026\/02\/Walter-Del-Aguila-.webp 1200w\" sizes=\"(max-width: 800px) 100vw, 800px\" \/>\t\t\t\t\t\t\t\t\t\t\t\t\t\t\t<\/div>\n\t\t\t\t<div class=\"elementor-element elementor-element-28df7ca elementor-widget elementor-widget-heading\" data-id=\"28df7ca\" data-element_type=\"widget\" data-e-type=\"widget\" data-widget_type=\"heading.default\">\n\t\t\t\t\t<h1 class=\"elementor-heading-title elementor-size-default\"><a href=\"https:\/\/cial.law\/en\/walter-del-aguila-2\/\">Walter Del \u00c1guila<\/a><\/h1>\t\t\t\t<\/div>\n\t\t\t\t<div class=\"elementor-element elementor-element-03bbf67 elementor-widget elementor-widget-heading\" data-id=\"03bbf67\" data-element_type=\"widget\" data-e-type=\"widget\" data-widget_type=\"heading.default\">\n\t\t\t\t\t<h2 class=\"elementor-heading-title elementor-size-default\">Director<\/h2>\t\t\t\t<\/div>\n\t\t\t\t<\/div>\n\t\t<div class=\"elementor-element elementor-element-a987065 e-con-full e-flex e-con e-child\" data-id=\"a987065\" data-element_type=\"container\" data-e-type=\"container\">\n\t\t\t\t<\/div>\n\t\t\t\t<\/div>\n\t\t\t\t<\/div>\n\t\t\t\t\t<\/div>\n\t\t\t\t<\/div>\n\t\t<div class=\"elementor-element elementor-element-e730bba e-flex e-con-boxed e-con e-parent\" data-id=\"e730bba\" data-element_type=\"container\" data-e-type=\"container\">\n\t\t\t\t\t<div class=\"e-con-inner\">\n\t\t\t\t<div class=\"elementor-element elementor-element-8ff4eb2 elementor-widget elementor-widget-spacer\" data-id=\"8ff4eb2\" data-element_type=\"widget\" data-e-type=\"widget\" data-widget_type=\"spacer.default\">\n\t\t\t\t\t\t\t<div class=\"elementor-spacer\">\n\t\t\t<div class=\"elementor-spacer-inner\"><\/div>\n\t\t<\/div>\n\t\t\t\t\t\t<\/div>\n\t\t\t\t\t<\/div>\n\t\t\t\t<\/div>\n\t\t\t\t<\/div>","protected":false},"excerpt":{"rendered":"<p>Walter Del \u00c1guila Director<\/p>","protected":false},"author":1,"featured_media":0,"parent":1143,"menu_order":0,"comment_status":"closed","ping_status":"closed","template":"","meta":{"footnotes":""},"class_list":["post-1145","page","type-page","status-publish","hentry"],"yoast_head":"<!-- This site is optimized with the Yoast SEO plugin v27.4 - https:\/\/yoast.com\/product\/yoast-seo-wordpress\/ -->\n<title>Equipo de trabajo - Centro Internacional de Arbitraje de Lima<\/title>\n<meta name=\"description\" content=\"El Centro Internacional de Arbitraje de Lima (CIARB LIMA) es un centro especializado en la administraci\u00f3n de arbitrajes y mecanismos alternativos de resoluci\u00f3n de disputas, tanto nacionales como internacionales, bajo est\u00e1ndares de excelencia, imparcialidad y eficiencia, en l\u00ednea con la normativa peruana y las mejores pr\u00e1cticas internacionales\" \/>\n<meta name=\"robots\" content=\"index, follow, max-snippet:-1, max-image-preview:large, max-video-preview:-1\" \/>\n<link rel=\"canonical\" href=\"https:\/\/cial.law\/en\/moot-lima\/equipo-de-trabajo\/\" \/>\n<meta property=\"og:locale\" content=\"en_US\" \/>\n<meta property=\"og:type\" content=\"article\" \/>\n<meta property=\"og:title\" content=\"Equipo de trabajo - Centro Internacional de Arbitraje de Lima\" \/>\n<meta property=\"og:description\" content=\"El Centro Internacional de Arbitraje de Lima (CIARB LIMA) es un centro especializado en la administraci\u00f3n de arbitrajes y mecanismos alternativos de resoluci\u00f3n de disputas, tanto nacionales como internacionales, bajo est\u00e1ndares de excelencia, imparcialidad y eficiencia, en l\u00ednea con la normativa peruana y las mejores pr\u00e1cticas internacionales\" \/>\n<meta property=\"og:url\" content=\"https:\/\/cial.law\/en\/moot-lima\/equipo-de-trabajo\/\" \/>\n<meta property=\"og:site_name\" content=\"Centro Internacional de Arbitraje de Lima\" \/>\n<meta property=\"article:modified_time\" content=\"2026-02-09T22:00:28+00:00\" \/>\n<meta property=\"og:image\" content=\"https:\/\/cial.law\/wp-content\/uploads\/2026\/02\/Walter-Del-Aguila-.webp\" \/>\n\t<meta property=\"og:image:width\" content=\"1200\" \/>\n\t<meta property=\"og:image:height\" content=\"1200\" \/>\n\t<meta property=\"og:image:type\" content=\"image\/webp\" \/>\n<meta name=\"twitter:card\" content=\"summary_large_image\" \/>\n<meta name=\"twitter:label1\" content=\"Est. reading time\" \/>\n\t<meta name=\"twitter:data1\" content=\"1 minute\" \/>\n<script type=\"application\/ld+json\" class=\"yoast-schema-graph\">{\"@context\":\"https:\\\/\\\/schema.org\",\"@graph\":[{\"@type\":\"WebPage\",\"@id\":\"https:\\\/\\\/cial.law\\\/moot-lima\\\/equipo-de-trabajo\\\/\",\"url\":\"https:\\\/\\\/cial.law\\\/moot-lima\\\/equipo-de-trabajo\\\/\",\"name\":\"Equipo de trabajo - Centro Internacional de Arbitraje de Lima\",\"isPartOf\":{\"@id\":\"https:\\\/\\\/cial.law\\\/#website\"},\"primaryImageOfPage\":{\"@id\":\"https:\\\/\\\/cial.law\\\/moot-lima\\\/equipo-de-trabajo\\\/#primaryimage\"},\"image\":{\"@id\":\"https:\\\/\\\/cial.law\\\/moot-lima\\\/equipo-de-trabajo\\\/#primaryimage\"},\"thumbnailUrl\":\"https:\\\/\\\/cial.law\\\/wp-content\\\/uploads\\\/2026\\\/02\\\/Walter-Del-Aguila--1024x1024.webp\",\"datePublished\":\"2026-02-09T20:58:17+00:00\",\"dateModified\":\"2026-02-09T22:00:28+00:00\",\"description\":\"El Centro Internacional de Arbitraje de Lima (CIARB LIMA) es un centro especializado en la administraci\u00f3n de arbitrajes y mecanismos alternativos de resoluci\u00f3n de disputas, tanto nacionales como internacionales, bajo est\u00e1ndares de excelencia, imparcialidad y eficiencia, en l\u00ednea con la normativa peruana y las mejores pr\u00e1cticas internacionales\",\"breadcrumb\":{\"@id\":\"https:\\\/\\\/cial.law\\\/moot-lima\\\/equipo-de-trabajo\\\/#breadcrumb\"},\"inLanguage\":\"en-US\",\"potentialAction\":[{\"@type\":\"ReadAction\",\"target\":[\"https:\\\/\\\/cial.law\\\/moot-lima\\\/equipo-de-trabajo\\\/\"]}]},{\"@type\":\"ImageObject\",\"inLanguage\":\"en-US\",\"@id\":\"https:\\\/\\\/cial.law\\\/moot-lima\\\/equipo-de-trabajo\\\/#primaryimage\",\"url\":\"https:\\\/\\\/cial.law\\\/wp-content\\\/uploads\\\/2026\\\/02\\\/Walter-Del-Aguila--1024x1024.webp\",\"contentUrl\":\"https:\\\/\\\/cial.law\\\/wp-content\\\/uploads\\\/2026\\\/02\\\/Walter-Del-Aguila--1024x1024.webp\"},{\"@type\":\"BreadcrumbList\",\"@id\":\"https:\\\/\\\/cial.law\\\/moot-lima\\\/equipo-de-trabajo\\\/#breadcrumb\",\"itemListElement\":[{\"@type\":\"ListItem\",\"position\":1,\"name\":\"Home\",\"item\":\"https:\\\/\\\/cial.law\\\/\"},{\"@type\":\"ListItem\",\"position\":2,\"name\":\"MOOT LIMA\",\"item\":\"https:\\\/\\\/cial.law\\\/moot-lima\\\/\"},{\"@type\":\"ListItem\",\"position\":3,\"name\":\"Equipo de trabajo\"}]},{\"@type\":\"WebSite\",\"@id\":\"https:\\\/\\\/cial.law\\\/#website\",\"url\":\"https:\\\/\\\/cial.law\\\/\",\"name\":\"CIARB LIMA\",\"description\":\"Centro Internacional de Arbitraje de Lima\",\"publisher\":{\"@id\":\"https:\\\/\\\/cial.law\\\/#organization\"},\"potentialAction\":[{\"@type\":\"SearchAction\",\"target\":{\"@type\":\"EntryPoint\",\"urlTemplate\":\"https:\\\/\\\/cial.law\\\/?s={search_term_string}\"},\"query-input\":{\"@type\":\"PropertyValueSpecification\",\"valueRequired\":true,\"valueName\":\"search_term_string\"}}],\"inLanguage\":\"en-US\"},{\"@type\":\"Organization\",\"@id\":\"https:\\\/\\\/cial.law\\\/#organization\",\"name\":\"Centro Internacional de Arbitraje de Lima\",\"url\":\"https:\\\/\\\/cial.law\\\/\",\"logo\":{\"@type\":\"ImageObject\",\"inLanguage\":\"en-US\",\"@id\":\"https:\\\/\\\/cial.law\\\/#\\\/schema\\\/logo\\\/image\\\/\",\"url\":\"https:\\\/\\\/cial.law\\\/wp-content\\\/uploads\\\/2026\\\/01\\\/escudo-1.png\",\"contentUrl\":\"https:\\\/\\\/cial.law\\\/wp-content\\\/uploads\\\/2026\\\/01\\\/escudo-1.png\",\"width\":900,\"height\":1049,\"caption\":\"Centro Internacional de Arbitraje de Lima\"},\"image\":{\"@id\":\"https:\\\/\\\/cial.law\\\/#\\\/schema\\\/logo\\\/image\\\/\"}}]}<\/script>\n<!-- \/ Yoast SEO plugin. -->","yoast_head_json":{"title":"Equipo de trabajo - Centro Internacional de Arbitraje de Lima","description":"El Centro Internacional de Arbitraje de Lima (CIARB LIMA) es un centro especializado en la administraci\u00f3n de arbitrajes y mecanismos alternativos de resoluci\u00f3n de disputas, tanto nacionales como internacionales, bajo est\u00e1ndares de excelencia, imparcialidad y eficiencia, en l\u00ednea con la normativa peruana y las mejores pr\u00e1cticas internacionales","robots":{"index":"index","follow":"follow","max-snippet":"max-snippet:-1","max-image-preview":"max-image-preview:large","max-video-preview":"max-video-preview:-1"},"canonical":"https:\/\/cial.law\/en\/moot-lima\/equipo-de-trabajo\/","og_locale":"en_US","og_type":"article","og_title":"Equipo de trabajo - Centro Internacional de Arbitraje de Lima","og_description":"El Centro Internacional de Arbitraje de Lima (CIARB LIMA) es un centro especializado en la administraci\u00f3n de arbitrajes y mecanismos alternativos de resoluci\u00f3n de disputas, tanto nacionales como internacionales, bajo est\u00e1ndares de excelencia, imparcialidad y eficiencia, en l\u00ednea con la normativa peruana y las mejores pr\u00e1cticas internacionales","og_url":"https:\/\/cial.law\/en\/moot-lima\/equipo-de-trabajo\/","og_site_name":"Centro Internacional de Arbitraje de Lima","article_modified_time":"2026-02-09T22:00:28+00:00","og_image":[{"width":1200,"height":1200,"url":"https:\/\/cial.law\/wp-content\/uploads\/2026\/02\/Walter-Del-Aguila-.webp","type":"image\/webp"}],"twitter_card":"summary_large_image","twitter_misc":{"Est. reading time":"1 minute"},"schema":{"@context":"https:\/\/schema.org","@graph":[{"@type":"WebPage","@id":"https:\/\/cial.law\/moot-lima\/equipo-de-trabajo\/","url":"https:\/\/cial.law\/moot-lima\/equipo-de-trabajo\/","name":"Equipo de trabajo - Centro Internacional de Arbitraje de Lima","isPartOf":{"@id":"https:\/\/cial.law\/#website"},"primaryImageOfPage":{"@id":"https:\/\/cial.law\/moot-lima\/equipo-de-trabajo\/#primaryimage"},"image":{"@id":"https:\/\/cial.law\/moot-lima\/equipo-de-trabajo\/#primaryimage"},"thumbnailUrl":"https:\/\/cial.law\/wp-content\/uploads\/2026\/02\/Walter-Del-Aguila--1024x1024.webp","datePublished":"2026-02-09T20:58:17+00:00","dateModified":"2026-02-09T22:00:28+00:00","description":"El Centro Internacional de Arbitraje de Lima (CIARB LIMA) es un centro especializado en la administraci\u00f3n de arbitrajes y mecanismos alternativos de resoluci\u00f3n de disputas, tanto nacionales como internacionales, bajo est\u00e1ndares de excelencia, imparcialidad y eficiencia, en l\u00ednea con la normativa peruana y las mejores pr\u00e1cticas internacionales","breadcrumb":{"@id":"https:\/\/cial.law\/moot-lima\/equipo-de-trabajo\/#breadcrumb"},"inLanguage":"en-US","potentialAction":[{"@type":"ReadAction","target":["https:\/\/cial.law\/moot-lima\/equipo-de-trabajo\/"]}]},{"@type":"ImageObject","inLanguage":"en-US","@id":"https:\/\/cial.law\/moot-lima\/equipo-de-trabajo\/#primaryimage","url":"https:\/\/cial.law\/wp-content\/uploads\/2026\/02\/Walter-Del-Aguila--1024x1024.webp","contentUrl":"https:\/\/cial.law\/wp-content\/uploads\/2026\/02\/Walter-Del-Aguila--1024x1024.webp"},{"@type":"BreadcrumbList","@id":"https:\/\/cial.law\/moot-lima\/equipo-de-trabajo\/#breadcrumb","itemListElement":[{"@type":"ListItem","position":1,"name":"Home","item":"https:\/\/cial.law\/"},{"@type":"ListItem","position":2,"name":"MOOT LIMA","item":"https:\/\/cial.law\/moot-lima\/"},{"@type":"ListItem","position":3,"name":"Equipo de trabajo"}]},{"@type":"WebSite","@id":"https:\/\/cial.law\/#website","url":"https:\/\/cial.law\/","name":"CIARB LIMA","description":"Lima International Arbitration Center","publisher":{"@id":"https:\/\/cial.law\/#organization"},"potentialAction":[{"@type":"SearchAction","target":{"@type":"EntryPoint","urlTemplate":"https:\/\/cial.law\/?s={search_term_string}"},"query-input":{"@type":"PropertyValueSpecification","valueRequired":true,"valueName":"search_term_string"}}],"inLanguage":"en-US"},{"@type":"Organization","@id":"https:\/\/cial.law\/#organization","name":"Lima International Arbitration Center","url":"https:\/\/cial.law\/","logo":{"@type":"ImageObject","inLanguage":"en-US","@id":"https:\/\/cial.law\/#\/schema\/logo\/image\/","url":"https:\/\/cial.law\/wp-content\/uploads\/2026\/01\/escudo-1.png","contentUrl":"https:\/\/cial.law\/wp-content\/uploads\/2026\/01\/escudo-1.png","width":900,"height":1049,"caption":"Centro Internacional de Arbitraje de Lima"},"image":{"@id":"https:\/\/cial.law\/#\/schema\/logo\/image\/"}}]}},"_links":{"self":[{"href":"https:\/\/cial.law\/en\/wp-json\/wp\/v2\/pages\/1145","targetHints":{"allow":["GET"]}}],"collection":[{"href":"https:\/\/cial.law\/en\/wp-json\/wp\/v2\/pages"}],"about":[{"href":"https:\/\/cial.law\/en\/wp-json\/wp\/v2\/types\/page"}],"author":[{"embeddable":true,"href":"https:\/\/cial.law\/en\/wp-json\/wp\/v2\/users\/1"}],"replies":[{"embeddable":true,"href":"https:\/\/cial.law\/en\/wp-json\/wp\/v2\/comments?post=1145"}],"version-history":[{"count":10,"href":"https:\/\/cial.law\/en\/wp-json\/wp\/v2\/pages\/1145\/revisions"}],"predecessor-version":[{"id":1183,"href":"https:\/\/cial.law\/en\/wp-json\/wp\/v2\/pages\/1145\/revisions\/1183"}],"up":[{"embeddable":true,"href":"https:\/\/cial.law\/en\/wp-json\/wp\/v2\/pages\/1143"}],"wp:attachment":[{"href":"https:\/\/cial.law\/en\/wp-json\/wp\/v2\/media?parent=1145"}],"curies":[{"name":"wp","href":"https:\/\/api.w.org\/{rel}","templated":true}]}}