{"id":1267,"date":"2026-02-12T18:06:50","date_gmt":"2026-02-12T18:06:50","guid":{"rendered":"https:\/\/cial.law\/?page_id=1267"},"modified":"2026-02-12T18:07:47","modified_gmt":"2026-02-12T18:07:47","slug":"josselyn-zeballos-deza","status":"publish","type":"page","link":"https:\/\/cial.law\/en\/josselyn-zeballos-deza\/","title":{"rendered":"Josselyn Zeballos Deza"},"content":{"rendered":"<div data-elementor-type=\"wp-page\" data-elementor-id=\"1267\" class=\"elementor elementor-1267\" data-elementor-post-type=\"page\">\n\t\t\t\t<div class=\"elementor-element elementor-element-9b743b1 e-flex e-con-boxed e-con e-parent\" data-id=\"9b743b1\" data-element_type=\"container\" data-e-type=\"container\">\n\t\t\t\t\t<div class=\"e-con-inner\">\n\t\t\t\t<div class=\"elementor-element elementor-element-93fc4ce elementor-widget elementor-widget-spacer\" data-id=\"93fc4ce\" data-element_type=\"widget\" data-e-type=\"widget\" data-widget_type=\"spacer.default\">\n\t\t\t\t\t\t\t<div class=\"elementor-spacer\">\n\t\t\t<div class=\"elementor-spacer-inner\"><\/div>\n\t\t<\/div>\n\t\t\t\t\t\t<\/div>\n\t\t\t\t\t<\/div>\n\t\t\t\t<\/div>\n\t\t<div class=\"elementor-element elementor-element-773de15 e-flex e-con-boxed e-con e-parent\" data-id=\"773de15\" data-element_type=\"container\" data-e-type=\"container\">\n\t\t\t\t\t<div class=\"e-con-inner\">\n\t\t<div class=\"elementor-element elementor-element-23a5c14 e-con-full e-flex e-con e-child\" data-id=\"23a5c14\" data-element_type=\"container\" data-e-type=\"container\">\n\t\t<div class=\"elementor-element elementor-element-c4f9074 e-con-full e-flex e-con e-child\" data-id=\"c4f9074\" data-element_type=\"container\" data-e-type=\"container\">\n\t\t\t\t<div class=\"elementor-element elementor-element-926581e elementor-widget elementor-widget-image\" data-id=\"926581e\" data-element_type=\"widget\" data-e-type=\"widget\" data-widget_type=\"image.default\">\n\t\t\t\t\t\t\t\t\t\t\t\t\t\t\t<img fetchpriority=\"high\" decoding=\"async\" width=\"800\" height=\"800\" src=\"https:\/\/cial.law\/wp-content\/uploads\/2026\/02\/Josselyn-Zeballos-Deza-1024x1024.webp\" class=\"attachment-large size-large wp-image-1253\" alt=\"\" srcset=\"https:\/\/cial.law\/wp-content\/uploads\/2026\/02\/Josselyn-Zeballos-Deza-1024x1024.webp 1024w, https:\/\/cial.law\/wp-content\/uploads\/2026\/02\/Josselyn-Zeballos-Deza-300x300.webp 300w, https:\/\/cial.law\/wp-content\/uploads\/2026\/02\/Josselyn-Zeballos-Deza-150x150.webp 150w, https:\/\/cial.law\/wp-content\/uploads\/2026\/02\/Josselyn-Zeballos-Deza-768x768.webp 768w, https:\/\/cial.law\/wp-content\/uploads\/2026\/02\/Josselyn-Zeballos-Deza.webp 1200w\" sizes=\"(max-width: 800px) 100vw, 800px\" \/>\t\t\t\t\t\t\t\t\t\t\t\t\t\t\t<\/div>\n\t\t\t\t<\/div>\n\t\t<div class=\"elementor-element elementor-element-12bd924 e-con-full e-flex e-con e-child\" data-id=\"12bd924\" data-element_type=\"container\" data-e-type=\"container\">\n\t\t\t\t<div class=\"elementor-element elementor-element-8ea9d44 elementor-widget elementor-widget-heading\" data-id=\"8ea9d44\" data-element_type=\"widget\" data-e-type=\"widget\" data-widget_type=\"heading.default\">\n\t\t\t\t\t<h2 class=\"elementor-heading-title elementor-size-default\">Josselyn Zeballos Deza<\/h2>\t\t\t\t<\/div>\n\t\t\t\t<div class=\"elementor-element elementor-element-75c9720 elementor-widget-divider--view-line elementor-widget elementor-widget-divider\" data-id=\"75c9720\" data-element_type=\"widget\" data-e-type=\"widget\" data-widget_type=\"divider.default\">\n\t\t\t\t\t\t\t<div class=\"elementor-divider\">\n\t\t\t<span class=\"elementor-divider-separator\">\n\t\t\t\t\t\t<\/span>\n\t\t<\/div>\n\t\t\t\t\t\t<\/div>\n\t\t\t\t<div class=\"elementor-element elementor-element-9d8c687 elementor-widget elementor-widget-text-editor\" data-id=\"9d8c687\" data-element_type=\"widget\" data-e-type=\"widget\" data-widget_type=\"text-editor.default\">\n\t\t\t\t\t\t\t\t\t<p class=\"s5\"><span class=\"s4\">Jurista internacional, abogada en ejercicio, \u00e1rbitra y mediadora. C\u00f3nsul Honoraria del Per\u00fa en la Regi\u00f3n de Occitania (Francia). Cuenta con m\u00e1s de dos d\u00e9cadas de trayectoria profesional en la intersecci\u00f3n del Derecho, la Diplomacia y la Academia, destac\u00e1ndose como una figura clave en la gesti\u00f3n de asuntos jur\u00eddicos y consulares transfronterizos.<\/span><\/p><p class=\"s5\"><span class=\"s4\">Su perfil combina una s\u00f3lida pr\u00e1ctica procesal en tres jurisdicciones \u2014Francia, Espa\u00f1a y Per\u00fa\u2014 con una visi\u00f3n estrat\u00e9gica orientada a la reso<\/span><span class=\"s4\">luci\u00f3n de controversias internacionales y al fortalecimiento de la cooperaci\u00f3n institucional de alto nivel.<\/span><\/p><p class=\"s8\"><span class=\"s4\">Sus <\/span><span class=\"s2\">vectores de <\/span><span class=\"s6\">expertise<\/span><span class=\"s2\"> estrat\u00e9gico<\/span><span class=\"s4\"> se expresan en la <\/span><span class=\"s2\">excelencia jur\u00eddica y el arbitraje internacional<\/span><span class=\"s4\">, como abogada colegiada en Toulouse, Madrid y Lima, especializada en derecho civil y comercio internacional, con un enfoque experto en Mecanismos Alternativos de Resoluci\u00f3n de Conflictos (ADR), \u00e1rbitra acreditada en lengua francesa y espa\u00f1ola por instituciones de prestigio como la Universidad de Toulouse Capitole y el ICAM de Madrid, e integrante de la C\u00e1mara de Conciliaci\u00f3n y Arbitraje de Occitania (CCMAO); en el <\/span><span class=\"s2\">liderazgo diplom\u00e1tico y las relaciones institucionales<\/span><span class=\"s4\">, ejerciendo desde 2018 la representaci\u00f3n del Estado peruano como C\u00f3nsul Honoraria en la Regi\u00f3n de Occitania, con una gesti\u00f3n determinante en la consolidaci\u00f3n de alianzas acad\u00e9micas y comerciales estrat\u00e9gicas, destacando la negociaci\u00f3n del convenio de cooperaci\u00f3n entre la Universidad Nacional de Ingenier\u00eda (UNI, Per\u00fa) y la \u00c9cole Nationale de l\u2019Aviation Civile (ENAC, Francia), as\u00ed como una activa labor de interlocuci\u00f3n en el seno del Cuerpo Consular de Occitania; y en la <\/span><span class=\"s2\">contribuci\u00f3n acad\u00e9mica<\/span><span class=\"s4\">, como docente <\/span><span class=\"s7\">vacataire<\/span><span class=\"s4\"> en la Facultad de Derecho del Instituto Cat\u00f3lico de Toulouse, con docencia especializada en derecho internacional p\u00fablico<\/span><span class=\"s4\">, impartiendo actualmente cursos especializados sobre el Convenio de Viena sobre Relaciones Consulares<\/span><\/p>\t\t\t\t\t\t\t\t<\/div>\n\t\t\t\t<\/div>\n\t\t\t\t<\/div>\n\t\t\t\t\t<\/div>\n\t\t\t\t<\/div>\n\t\t<div class=\"elementor-element elementor-element-e8e2100 e-flex e-con-boxed e-con e-parent\" data-id=\"e8e2100\" data-element_type=\"container\" data-e-type=\"container\">\n\t\t\t\t\t<div class=\"e-con-inner\">\n\t\t\t\t<div class=\"elementor-element elementor-element-194c163 elementor-widget elementor-widget-spacer\" data-id=\"194c163\" data-element_type=\"widget\" data-e-type=\"widget\" data-widget_type=\"spacer.default\">\n\t\t\t\t\t\t\t<div class=\"elementor-spacer\">\n\t\t\t<div class=\"elementor-spacer-inner\"><\/div>\n\t\t<\/div>\n\t\t\t\t\t\t<\/div>\n\t\t\t\t\t<\/div>\n\t\t\t\t<\/div>\n\t\t\t\t<\/div>","protected":false},"excerpt":{"rendered":"<p>Josselyn Zeballos Deza Jurista internacional, abogada en ejercicio, \u00e1rbitra y mediadora. C\u00f3nsul Honoraria del Per\u00fa en la Regi\u00f3n de Occitania (Francia). Cuenta con m\u00e1s de dos d\u00e9cadas de trayectoria profesional en la intersecci\u00f3n del Derecho, la Diplomacia y la Academia, destac\u00e1ndose como una figura clave en la gesti\u00f3n de asuntos jur\u00eddicos y consulares transfronterizos. Su [&hellip;]<\/p>\n","protected":false},"author":1,"featured_media":0,"parent":0,"menu_order":0,"comment_status":"closed","ping_status":"closed","template":"","meta":{"footnotes":""},"class_list":["post-1267","page","type-page","status-publish","hentry"],"yoast_head":"<!-- This site is optimized with the Yoast SEO plugin v27.4 - https:\/\/yoast.com\/product\/yoast-seo-wordpress\/ -->\n<title>Josselyn Zeballos Deza - Centro Internacional de Arbitraje de Lima<\/title>\n<meta name=\"description\" content=\"El Centro Internacional de Arbitraje de Lima (CIARB LIMA) es un centro especializado en la administraci\u00f3n de arbitrajes y mecanismos alternativos de resoluci\u00f3n de disputas, tanto nacionales como internacionales, bajo est\u00e1ndares de excelencia, imparcialidad y eficiencia, en l\u00ednea con la normativa peruana y las mejores pr\u00e1cticas internacionales\" \/>\n<meta name=\"robots\" content=\"index, follow, max-snippet:-1, max-image-preview:large, max-video-preview:-1\" \/>\n<link rel=\"canonical\" href=\"https:\/\/cial.law\/en\/josselyn-zeballos-deza\/\" \/>\n<meta property=\"og:locale\" content=\"en_US\" \/>\n<meta property=\"og:type\" content=\"article\" \/>\n<meta property=\"og:title\" content=\"Josselyn Zeballos Deza - Centro Internacional de Arbitraje de Lima\" \/>\n<meta property=\"og:description\" content=\"El Centro Internacional de Arbitraje de Lima (CIARB LIMA) es un centro especializado en la administraci\u00f3n de arbitrajes y mecanismos alternativos de resoluci\u00f3n de disputas, tanto nacionales como internacionales, bajo est\u00e1ndares de excelencia, imparcialidad y eficiencia, en l\u00ednea con la normativa peruana y las mejores pr\u00e1cticas internacionales\" \/>\n<meta property=\"og:url\" content=\"https:\/\/cial.law\/en\/josselyn-zeballos-deza\/\" \/>\n<meta property=\"og:site_name\" content=\"Centro Internacional de Arbitraje de Lima\" \/>\n<meta property=\"article:modified_time\" content=\"2026-02-12T18:07:47+00:00\" \/>\n<meta property=\"og:image\" content=\"https:\/\/cial.law\/wp-content\/uploads\/2026\/02\/Josselyn-Zeballos-Deza.webp\" \/>\n\t<meta property=\"og:image:width\" content=\"1200\" \/>\n\t<meta property=\"og:image:height\" content=\"1200\" \/>\n\t<meta property=\"og:image:type\" content=\"image\/webp\" \/>\n<meta name=\"twitter:card\" content=\"summary_large_image\" \/>\n<meta name=\"twitter:label1\" content=\"Est. reading time\" \/>\n\t<meta name=\"twitter:data1\" content=\"2 minutes\" \/>\n<script type=\"application\/ld+json\" class=\"yoast-schema-graph\">{\"@context\":\"https:\\\/\\\/schema.org\",\"@graph\":[{\"@type\":\"WebPage\",\"@id\":\"https:\\\/\\\/cial.law\\\/josselyn-zeballos-deza\\\/\",\"url\":\"https:\\\/\\\/cial.law\\\/josselyn-zeballos-deza\\\/\",\"name\":\"Josselyn Zeballos Deza - Centro Internacional de Arbitraje de Lima\",\"isPartOf\":{\"@id\":\"https:\\\/\\\/cial.law\\\/#website\"},\"primaryImageOfPage\":{\"@id\":\"https:\\\/\\\/cial.law\\\/josselyn-zeballos-deza\\\/#primaryimage\"},\"image\":{\"@id\":\"https:\\\/\\\/cial.law\\\/josselyn-zeballos-deza\\\/#primaryimage\"},\"thumbnailUrl\":\"https:\\\/\\\/cial.law\\\/wp-content\\\/uploads\\\/2026\\\/02\\\/Josselyn-Zeballos-Deza-1024x1024.webp\",\"datePublished\":\"2026-02-12T18:06:50+00:00\",\"dateModified\":\"2026-02-12T18:07:47+00:00\",\"description\":\"El Centro Internacional de Arbitraje de Lima (CIARB LIMA) es un centro especializado en la administraci\u00f3n de arbitrajes y mecanismos alternativos de resoluci\u00f3n de disputas, tanto nacionales como internacionales, bajo est\u00e1ndares de excelencia, imparcialidad y eficiencia, en l\u00ednea con la normativa peruana y las mejores pr\u00e1cticas internacionales\",\"breadcrumb\":{\"@id\":\"https:\\\/\\\/cial.law\\\/josselyn-zeballos-deza\\\/#breadcrumb\"},\"inLanguage\":\"en-US\",\"potentialAction\":[{\"@type\":\"ReadAction\",\"target\":[\"https:\\\/\\\/cial.law\\\/josselyn-zeballos-deza\\\/\"]}]},{\"@type\":\"ImageObject\",\"inLanguage\":\"en-US\",\"@id\":\"https:\\\/\\\/cial.law\\\/josselyn-zeballos-deza\\\/#primaryimage\",\"url\":\"https:\\\/\\\/cial.law\\\/wp-content\\\/uploads\\\/2026\\\/02\\\/Josselyn-Zeballos-Deza-1024x1024.webp\",\"contentUrl\":\"https:\\\/\\\/cial.law\\\/wp-content\\\/uploads\\\/2026\\\/02\\\/Josselyn-Zeballos-Deza-1024x1024.webp\"},{\"@type\":\"BreadcrumbList\",\"@id\":\"https:\\\/\\\/cial.law\\\/josselyn-zeballos-deza\\\/#breadcrumb\",\"itemListElement\":[{\"@type\":\"ListItem\",\"position\":1,\"name\":\"Home\",\"item\":\"https:\\\/\\\/cial.law\\\/\"},{\"@type\":\"ListItem\",\"position\":2,\"name\":\"Josselyn Zeballos Deza\"}]},{\"@type\":\"WebSite\",\"@id\":\"https:\\\/\\\/cial.law\\\/#website\",\"url\":\"https:\\\/\\\/cial.law\\\/\",\"name\":\"CIARB LIMA\",\"description\":\"Centro Internacional de Arbitraje de Lima\",\"publisher\":{\"@id\":\"https:\\\/\\\/cial.law\\\/#organization\"},\"potentialAction\":[{\"@type\":\"SearchAction\",\"target\":{\"@type\":\"EntryPoint\",\"urlTemplate\":\"https:\\\/\\\/cial.law\\\/?s={search_term_string}\"},\"query-input\":{\"@type\":\"PropertyValueSpecification\",\"valueRequired\":true,\"valueName\":\"search_term_string\"}}],\"inLanguage\":\"en-US\"},{\"@type\":\"Organization\",\"@id\":\"https:\\\/\\\/cial.law\\\/#organization\",\"name\":\"Centro Internacional de Arbitraje de Lima\",\"url\":\"https:\\\/\\\/cial.law\\\/\",\"logo\":{\"@type\":\"ImageObject\",\"inLanguage\":\"en-US\",\"@id\":\"https:\\\/\\\/cial.law\\\/#\\\/schema\\\/logo\\\/image\\\/\",\"url\":\"https:\\\/\\\/cial.law\\\/wp-content\\\/uploads\\\/2026\\\/01\\\/escudo-1.png\",\"contentUrl\":\"https:\\\/\\\/cial.law\\\/wp-content\\\/uploads\\\/2026\\\/01\\\/escudo-1.png\",\"width\":900,\"height\":1049,\"caption\":\"Centro Internacional de Arbitraje de Lima\"},\"image\":{\"@id\":\"https:\\\/\\\/cial.law\\\/#\\\/schema\\\/logo\\\/image\\\/\"}}]}<\/script>\n<!-- \/ Yoast SEO plugin. -->","yoast_head_json":{"title":"Josselyn Zeballos Deza - Centro Internacional de Arbitraje de Lima","description":"El Centro Internacional de Arbitraje de Lima (CIARB LIMA) es un centro especializado en la administraci\u00f3n de arbitrajes y mecanismos alternativos de resoluci\u00f3n de disputas, tanto nacionales como internacionales, bajo est\u00e1ndares de excelencia, imparcialidad y eficiencia, en l\u00ednea con la normativa peruana y las mejores pr\u00e1cticas internacionales","robots":{"index":"index","follow":"follow","max-snippet":"max-snippet:-1","max-image-preview":"max-image-preview:large","max-video-preview":"max-video-preview:-1"},"canonical":"https:\/\/cial.law\/en\/josselyn-zeballos-deza\/","og_locale":"en_US","og_type":"article","og_title":"Josselyn Zeballos Deza - Centro Internacional de Arbitraje de Lima","og_description":"El Centro Internacional de Arbitraje de Lima (CIARB LIMA) es un centro especializado en la administraci\u00f3n de arbitrajes y mecanismos alternativos de resoluci\u00f3n de disputas, tanto nacionales como internacionales, bajo est\u00e1ndares de excelencia, imparcialidad y eficiencia, en l\u00ednea con la normativa peruana y las mejores pr\u00e1cticas internacionales","og_url":"https:\/\/cial.law\/en\/josselyn-zeballos-deza\/","og_site_name":"Centro Internacional de Arbitraje de Lima","article_modified_time":"2026-02-12T18:07:47+00:00","og_image":[{"width":1200,"height":1200,"url":"https:\/\/cial.law\/wp-content\/uploads\/2026\/02\/Josselyn-Zeballos-Deza.webp","type":"image\/webp"}],"twitter_card":"summary_large_image","twitter_misc":{"Est. reading time":"2 minutes"},"schema":{"@context":"https:\/\/schema.org","@graph":[{"@type":"WebPage","@id":"https:\/\/cial.law\/josselyn-zeballos-deza\/","url":"https:\/\/cial.law\/josselyn-zeballos-deza\/","name":"Josselyn Zeballos Deza - Centro Internacional de Arbitraje de Lima","isPartOf":{"@id":"https:\/\/cial.law\/#website"},"primaryImageOfPage":{"@id":"https:\/\/cial.law\/josselyn-zeballos-deza\/#primaryimage"},"image":{"@id":"https:\/\/cial.law\/josselyn-zeballos-deza\/#primaryimage"},"thumbnailUrl":"https:\/\/cial.law\/wp-content\/uploads\/2026\/02\/Josselyn-Zeballos-Deza-1024x1024.webp","datePublished":"2026-02-12T18:06:50+00:00","dateModified":"2026-02-12T18:07:47+00:00","description":"El Centro Internacional de Arbitraje de Lima (CIARB LIMA) es un centro especializado en la administraci\u00f3n de arbitrajes y mecanismos alternativos de resoluci\u00f3n de disputas, tanto nacionales como internacionales, bajo est\u00e1ndares de excelencia, imparcialidad y eficiencia, en l\u00ednea con la normativa peruana y las mejores pr\u00e1cticas internacionales","breadcrumb":{"@id":"https:\/\/cial.law\/josselyn-zeballos-deza\/#breadcrumb"},"inLanguage":"en-US","potentialAction":[{"@type":"ReadAction","target":["https:\/\/cial.law\/josselyn-zeballos-deza\/"]}]},{"@type":"ImageObject","inLanguage":"en-US","@id":"https:\/\/cial.law\/josselyn-zeballos-deza\/#primaryimage","url":"https:\/\/cial.law\/wp-content\/uploads\/2026\/02\/Josselyn-Zeballos-Deza-1024x1024.webp","contentUrl":"https:\/\/cial.law\/wp-content\/uploads\/2026\/02\/Josselyn-Zeballos-Deza-1024x1024.webp"},{"@type":"BreadcrumbList","@id":"https:\/\/cial.law\/josselyn-zeballos-deza\/#breadcrumb","itemListElement":[{"@type":"ListItem","position":1,"name":"Home","item":"https:\/\/cial.law\/"},{"@type":"ListItem","position":2,"name":"Josselyn Zeballos Deza"}]},{"@type":"WebSite","@id":"https:\/\/cial.law\/#website","url":"https:\/\/cial.law\/","name":"CIARB LIMA","description":"Lima International Arbitration Center","publisher":{"@id":"https:\/\/cial.law\/#organization"},"potentialAction":[{"@type":"SearchAction","target":{"@type":"EntryPoint","urlTemplate":"https:\/\/cial.law\/?s={search_term_string}"},"query-input":{"@type":"PropertyValueSpecification","valueRequired":true,"valueName":"search_term_string"}}],"inLanguage":"en-US"},{"@type":"Organization","@id":"https:\/\/cial.law\/#organization","name":"Lima International Arbitration Center","url":"https:\/\/cial.law\/","logo":{"@type":"ImageObject","inLanguage":"en-US","@id":"https:\/\/cial.law\/#\/schema\/logo\/image\/","url":"https:\/\/cial.law\/wp-content\/uploads\/2026\/01\/escudo-1.png","contentUrl":"https:\/\/cial.law\/wp-content\/uploads\/2026\/01\/escudo-1.png","width":900,"height":1049,"caption":"Centro Internacional de Arbitraje de Lima"},"image":{"@id":"https:\/\/cial.law\/#\/schema\/logo\/image\/"}}]}},"_links":{"self":[{"href":"https:\/\/cial.law\/en\/wp-json\/wp\/v2\/pages\/1267","targetHints":{"allow":["GET"]}}],"collection":[{"href":"https:\/\/cial.law\/en\/wp-json\/wp\/v2\/pages"}],"about":[{"href":"https:\/\/cial.law\/en\/wp-json\/wp\/v2\/types\/page"}],"author":[{"embeddable":true,"href":"https:\/\/cial.law\/en\/wp-json\/wp\/v2\/users\/1"}],"replies":[{"embeddable":true,"href":"https:\/\/cial.law\/en\/wp-json\/wp\/v2\/comments?post=1267"}],"version-history":[{"count":7,"href":"https:\/\/cial.law\/en\/wp-json\/wp\/v2\/pages\/1267\/revisions"}],"predecessor-version":[{"id":1274,"href":"https:\/\/cial.law\/en\/wp-json\/wp\/v2\/pages\/1267\/revisions\/1274"}],"wp:attachment":[{"href":"https:\/\/cial.law\/en\/wp-json\/wp\/v2\/media?parent=1267"}],"curies":[{"name":"wp","href":"https:\/\/api.w.org\/{rel}","templated":true}]}}