{"id":338,"date":"2026-01-20T04:04:05","date_gmt":"2026-01-20T04:04:05","guid":{"rendered":"https:\/\/cial.law\/?page_id=338"},"modified":"2026-01-27T22:51:25","modified_gmt":"2026-01-27T22:51:25","slug":"arbitraje","status":"publish","type":"page","link":"https:\/\/cial.law\/en\/arbitraje\/","title":{"rendered":"Arbitration"},"content":{"rendered":"<div data-elementor-type=\"wp-page\" data-elementor-id=\"338\" class=\"elementor elementor-338\" data-elementor-post-type=\"page\">\n\t\t\t\t<div class=\"elementor-element elementor-element-acd3428 e-flex e-con-boxed e-con e-parent\" data-id=\"acd3428\" data-element_type=\"container\" data-e-type=\"container\">\n\t\t\t\t\t<div class=\"e-con-inner\">\n\t\t\t\t<div class=\"elementor-element elementor-element-5b73a5d elementor-widget elementor-widget-spacer\" data-id=\"5b73a5d\" data-element_type=\"widget\" data-e-type=\"widget\" data-widget_type=\"spacer.default\">\n\t\t\t\t\t\t\t<div class=\"elementor-spacer\">\n\t\t\t<div class=\"elementor-spacer-inner\"><\/div>\n\t\t<\/div>\n\t\t\t\t\t\t<\/div>\n\t\t\t\t\t<\/div>\n\t\t\t\t<\/div>\n\t\t<div class=\"elementor-element elementor-element-04931e5 e-flex e-con-boxed e-con e-parent\" data-id=\"04931e5\" data-element_type=\"container\" data-e-type=\"container\">\n\t\t\t\t\t<div class=\"e-con-inner\">\n\t\t<div class=\"elementor-element elementor-element-876e123 e-con-full e-flex e-con e-child\" data-id=\"876e123\" data-element_type=\"container\" data-e-type=\"container\">\n\t\t\t\t<div class=\"elementor-element elementor-element-0644d2f elementor-widget elementor-widget-heading\" data-id=\"0644d2f\" data-element_type=\"widget\" data-e-type=\"widget\" data-widget_type=\"heading.default\">\n\t\t\t\t\t<h2 class=\"elementor-heading-title elementor-size-default\">Arbitration<\/h2>\t\t\t\t<\/div>\n\t\t\t\t<div class=\"elementor-element elementor-element-3b4a3aa elementor-widget-divider--view-line elementor-widget elementor-widget-divider\" data-id=\"3b4a3aa\" data-element_type=\"widget\" data-e-type=\"widget\" data-widget_type=\"divider.default\">\n\t\t\t\t\t\t\t<div class=\"elementor-divider\">\n\t\t\t<span class=\"elementor-divider-separator\">\n\t\t\t\t\t\t<\/span>\n\t\t<\/div>\n\t\t\t\t\t\t<\/div>\n\t\t\t\t<\/div>\n\t\t\t\t\t<\/div>\n\t\t\t\t<\/div>\n\t\t<div class=\"elementor-element elementor-element-1bb2d33 e-flex e-con-boxed e-con e-parent\" data-id=\"1bb2d33\" data-element_type=\"container\" data-e-type=\"container\">\n\t\t\t\t\t<div class=\"e-con-inner\">\n\t\t<div class=\"elementor-element elementor-element-1b0e680 e-con-full e-flex e-con e-child\" data-id=\"1b0e680\" data-element_type=\"container\" data-e-type=\"container\">\n\t\t\t\t<div class=\"elementor-element elementor-element-10197c6 elementor-cta--skin-cover elementor-cta--valign-bottom elementor-animated-content elementor-bg-transform elementor-bg-transform-zoom-in elementor-widget elementor-widget-call-to-action\" data-id=\"10197c6\" data-element_type=\"widget\" data-e-type=\"widget\" data-widget_type=\"call-to-action.default\">\n\t\t\t\t\t\t\t<div class=\"elementor-cta\">\n\t\t\t\t\t<div class=\"elementor-cta__bg-wrapper\">\n\t\t\t\t<div class=\"elementor-cta__bg elementor-bg\" style=\"background-image: url(https:\/\/cial.law\/wp-content\/uploads\/2026\/01\/Thumb4-1024x819.webp);\" role=\"img\" aria-label=\"Thumb4\"><\/div>\n\t\t\t\t<div class=\"elementor-cta__bg-overlay\"><\/div>\n\t\t\t<\/div>\n\t\t\t\t\t\t\t<div class=\"elementor-cta__content\">\n\t\t\t\t\n\t\t\t\t\t\t\t\t\t<h2 class=\"elementor-cta__title elementor-cta__content-item elementor-content-item elementor-animated-item--grow\">\n\t\t\t\t\t\tNational Commercial Arbitration\t\t\t\t\t<\/h2>\n\t\t\t\t\n\t\t\t\t\n\t\t\t\t\t\t\t\t\t<div class=\"elementor-cta__button-wrapper elementor-cta__content-item elementor-content-item elementor-animated-item--grow\">\n\t\t\t\t\t<a class=\"elementor-cta__button elementor-button elementor-size-\" href=\"https:\/\/cial.law\/en\/arbitraje\/arbitraje-comercial-nacional\/\">\n\t\t\t\t\t\tRead more\t\t\t\t\t<\/a>\n\t\t\t\t\t<\/div>\n\t\t\t\t\t\t\t<\/div>\n\t\t\t\t\t\t<\/div>\n\t\t\t\t\t\t<\/div>\n\t\t\t\t<\/div>\n\t\t<div class=\"elementor-element elementor-element-c75447d e-con-full e-flex e-con e-child\" data-id=\"c75447d\" data-element_type=\"container\" data-e-type=\"container\">\n\t\t\t\t<div class=\"elementor-element elementor-element-060c369 elementor-cta--skin-cover elementor-cta--valign-bottom elementor-animated-content elementor-bg-transform elementor-bg-transform-zoom-in elementor-widget elementor-widget-call-to-action\" data-id=\"060c369\" data-element_type=\"widget\" data-e-type=\"widget\" data-widget_type=\"call-to-action.default\">\n\t\t\t\t\t\t\t<div class=\"elementor-cta\">\n\t\t\t\t\t<div class=\"elementor-cta__bg-wrapper\">\n\t\t\t\t<div class=\"elementor-cta__bg elementor-bg\" style=\"background-image: url(https:\/\/cial.law\/wp-content\/uploads\/2026\/01\/Arbitraje-internacional-1024x457.webp);\" role=\"img\" aria-label=\"Arbitraje internacional\"><\/div>\n\t\t\t\t<div class=\"elementor-cta__bg-overlay\"><\/div>\n\t\t\t<\/div>\n\t\t\t\t\t\t\t<div class=\"elementor-cta__content\">\n\t\t\t\t\n\t\t\t\t\t\t\t\t\t<h2 class=\"elementor-cta__title elementor-cta__content-item elementor-content-item elementor-animated-item--grow\">\n\t\t\t\t\t\tInternational Commercial Arbitration\t\t\t\t\t<\/h2>\n\t\t\t\t\n\t\t\t\t\n\t\t\t\t\t\t\t\t\t<div class=\"elementor-cta__button-wrapper elementor-cta__content-item elementor-content-item elementor-animated-item--grow\">\n\t\t\t\t\t<a class=\"elementor-cta__button elementor-button elementor-size-\" href=\"https:\/\/cial.law\/en\/arbitraje\/arbitraje-comercial-internacional\/\">\n\t\t\t\t\t\tRead more\t\t\t\t\t<\/a>\n\t\t\t\t\t<\/div>\n\t\t\t\t\t\t\t<\/div>\n\t\t\t\t\t\t<\/div>\n\t\t\t\t\t\t<\/div>\n\t\t\t\t<\/div>\n\t\t<div class=\"elementor-element elementor-element-3d6e4ff e-con-full e-flex e-con e-child\" data-id=\"3d6e4ff\" data-element_type=\"container\" data-e-type=\"container\">\n\t\t\t\t<div class=\"elementor-element elementor-element-6686029 elementor-cta--skin-cover elementor-cta--valign-bottom elementor-animated-content elementor-bg-transform elementor-bg-transform-zoom-in elementor-widget elementor-widget-call-to-action\" data-id=\"6686029\" data-element_type=\"widget\" data-e-type=\"widget\" data-widget_type=\"call-to-action.default\">\n\t\t\t\t\t\t\t<div class=\"elementor-cta\">\n\t\t\t\t\t<div class=\"elementor-cta__bg-wrapper\">\n\t\t\t\t<div class=\"elementor-cta__bg elementor-bg\" style=\"background-image: url(https:\/\/cial.law\/wp-content\/uploads\/2026\/01\/Arbitraje-de-inversiones-1024x457.webp);\" role=\"img\" aria-label=\"Arbitraje de inversiones\"><\/div>\n\t\t\t\t<div class=\"elementor-cta__bg-overlay\"><\/div>\n\t\t\t<\/div>\n\t\t\t\t\t\t\t<div class=\"elementor-cta__content\">\n\t\t\t\t\n\t\t\t\t\t\t\t\t\t<h2 class=\"elementor-cta__title elementor-cta__content-item elementor-content-item elementor-animated-item--grow\">\n\t\t\t\t\t\tInvestment Arbitration\t\t\t\t\t<\/h2>\n\t\t\t\t\n\t\t\t\t\n\t\t\t\t\t\t\t\t\t<div class=\"elementor-cta__button-wrapper elementor-cta__content-item elementor-content-item elementor-animated-item--grow\">\n\t\t\t\t\t<a class=\"elementor-cta__button elementor-button elementor-size-\" href=\"https:\/\/cial.law\/en\/arbitraje\/arbitraje-de-inversiones-2\/\">\n\t\t\t\t\t\tRead more\t\t\t\t\t<\/a>\n\t\t\t\t\t<\/div>\n\t\t\t\t\t\t\t<\/div>\n\t\t\t\t\t\t<\/div>\n\t\t\t\t\t\t<\/div>\n\t\t\t\t<\/div>\n\t\t\t\t\t<\/div>\n\t\t\t\t<\/div>\n\t\t<div class=\"elementor-element elementor-element-85fc4c5 e-flex e-con-boxed e-con e-parent\" data-id=\"85fc4c5\" data-element_type=\"container\" data-e-type=\"container\">\n\t\t\t\t\t<div class=\"e-con-inner\">\n\t\t<div class=\"elementor-element elementor-element-f45224a e-con-full e-flex e-con e-child\" data-id=\"f45224a\" data-element_type=\"container\" data-e-type=\"container\">\n\t\t\t\t<div class=\"elementor-element elementor-element-494dee4 elementor-cta--skin-cover elementor-cta--valign-bottom elementor-animated-content elementor-bg-transform elementor-bg-transform-zoom-in elementor-widget elementor-widget-call-to-action\" data-id=\"494dee4\" data-element_type=\"widget\" data-e-type=\"widget\" data-widget_type=\"call-to-action.default\">\n\t\t\t\t\t\t\t<div class=\"elementor-cta\">\n\t\t\t\t\t<div class=\"elementor-cta__bg-wrapper\">\n\t\t\t\t<div class=\"elementor-cta__bg elementor-bg\" style=\"background-image: url(https:\/\/cial.law\/wp-content\/uploads\/2026\/01\/Thumb5-1024x819.webp);\" role=\"img\" aria-label=\"Thumb5\"><\/div>\n\t\t\t\t<div class=\"elementor-cta__bg-overlay\"><\/div>\n\t\t\t<\/div>\n\t\t\t\t\t\t\t<div class=\"elementor-cta__content\">\n\t\t\t\t\n\t\t\t\t\t\t\t\t\t<h2 class=\"elementor-cta__title elementor-cta__content-item elementor-content-item elementor-animated-item--grow\">\n\t\t\t\t\t\tMaritime Arbitration\t\t\t\t\t<\/h2>\n\t\t\t\t\n\t\t\t\t\n\t\t\t\t\t\t\t\t\t<div class=\"elementor-cta__button-wrapper elementor-cta__content-item elementor-content-item elementor-animated-item--grow\">\n\t\t\t\t\t<a class=\"elementor-cta__button elementor-button elementor-size-\" href=\"https:\/\/cial.law\/en\/arbitraje\/arbitraje-comercial-nacional-2\/\">\n\t\t\t\t\t\tRead more\t\t\t\t\t<\/a>\n\t\t\t\t\t<\/div>\n\t\t\t\t\t\t\t<\/div>\n\t\t\t\t\t\t<\/div>\n\t\t\t\t\t\t<\/div>\n\t\t\t\t<\/div>\n\t\t<div class=\"elementor-element elementor-element-b54fd64 e-con-full e-flex e-con e-child\" data-id=\"b54fd64\" data-element_type=\"container\" data-e-type=\"container\">\n\t\t\t\t<div class=\"elementor-element elementor-element-6e410c0 elementor-cta--skin-cover elementor-cta--valign-bottom elementor-animated-content elementor-bg-transform elementor-bg-transform-zoom-in elementor-widget elementor-widget-call-to-action\" data-id=\"6e410c0\" data-element_type=\"widget\" data-e-type=\"widget\" data-widget_type=\"call-to-action.default\">\n\t\t\t\t\t\t\t<div class=\"elementor-cta\">\n\t\t\t\t\t<div class=\"elementor-cta__bg-wrapper\">\n\t\t\t\t<div class=\"elementor-cta__bg elementor-bg\" style=\"background-image: url(https:\/\/cial.law\/wp-content\/uploads\/2026\/01\/Thumb7-1024x819.webp);\" role=\"img\" aria-label=\"Thumb7\"><\/div>\n\t\t\t\t<div class=\"elementor-cta__bg-overlay\"><\/div>\n\t\t\t<\/div>\n\t\t\t\t\t\t\t<div class=\"elementor-cta__content\">\n\t\t\t\t\n\t\t\t\t\t\t\t\t\t<h2 class=\"elementor-cta__title elementor-cta__content-item elementor-content-item elementor-animated-item--grow\">\n\t\t\t\t\t\tArbitration in Construction\t\t\t\t\t<\/h2>\n\t\t\t\t\n\t\t\t\t\n\t\t\t\t\t\t\t\t\t<div class=\"elementor-cta__button-wrapper elementor-cta__content-item elementor-content-item elementor-animated-item--grow\">\n\t\t\t\t\t<a class=\"elementor-cta__button elementor-button elementor-size-\" href=\"https:\/\/cial.law\/en\/arbitraje\/arbitraje-en-construccion\/\">\n\t\t\t\t\t\tRead more\t\t\t\t\t<\/a>\n\t\t\t\t\t<\/div>\n\t\t\t\t\t\t\t<\/div>\n\t\t\t\t\t\t<\/div>\n\t\t\t\t\t\t<\/div>\n\t\t\t\t<\/div>\n\t\t<div class=\"elementor-element elementor-element-11e1948 e-con-full e-flex e-con e-child\" data-id=\"11e1948\" data-element_type=\"container\" data-e-type=\"container\">\n\t\t\t\t<div class=\"elementor-element elementor-element-f12de9a elementor-cta--skin-cover elementor-cta--valign-bottom elementor-animated-content elementor-bg-transform elementor-bg-transform-zoom-in elementor-widget elementor-widget-call-to-action\" data-id=\"f12de9a\" data-element_type=\"widget\" data-e-type=\"widget\" data-widget_type=\"call-to-action.default\">\n\t\t\t\t\t\t\t<div class=\"elementor-cta\">\n\t\t\t\t\t<div class=\"elementor-cta__bg-wrapper\">\n\t\t\t\t<div class=\"elementor-cta__bg elementor-bg\" style=\"background-image: url(https:\/\/cial.law\/wp-content\/uploads\/2026\/01\/Thumb8-1024x819.webp);\" role=\"img\" aria-label=\"Thumb8\"><\/div>\n\t\t\t\t<div class=\"elementor-cta__bg-overlay\"><\/div>\n\t\t\t<\/div>\n\t\t\t\t\t\t\t<div class=\"elementor-cta__content\">\n\t\t\t\t\n\t\t\t\t\t\t\t\t\t<h2 class=\"elementor-cta__title elementor-cta__content-item elementor-content-item elementor-animated-item--grow\">\n\t\t\t\t\t\tOther Specialized Arbitrations\t\t\t\t\t<\/h2>\n\t\t\t\t\n\t\t\t\t\n\t\t\t\t\t\t\t\t\t<div class=\"elementor-cta__button-wrapper elementor-cta__content-item elementor-content-item elementor-animated-item--grow\">\n\t\t\t\t\t<a class=\"elementor-cta__button elementor-button elementor-size-\" href=\"https:\/\/cial.law\/en\/arbitraje\/arbitraje-de-inversiones\/\">\n\t\t\t\t\t\tRead more\t\t\t\t\t<\/a>\n\t\t\t\t\t<\/div>\n\t\t\t\t\t\t\t<\/div>\n\t\t\t\t\t\t<\/div>\n\t\t\t\t\t\t<\/div>\n\t\t\t\t<\/div>\n\t\t\t\t\t<\/div>\n\t\t\t\t<\/div>\n\t\t<div class=\"elementor-element elementor-element-2d6954a e-flex e-con-boxed e-con e-parent\" data-id=\"2d6954a\" data-element_type=\"container\" data-e-type=\"container\">\n\t\t\t\t\t<div class=\"e-con-inner\">\n\t\t\t\t<div class=\"elementor-element elementor-element-1d22144 elementor-widget elementor-widget-spacer\" data-id=\"1d22144\" data-element_type=\"widget\" data-e-type=\"widget\" data-widget_type=\"spacer.default\">\n\t\t\t\t\t\t\t<div class=\"elementor-spacer\">\n\t\t\t<div class=\"elementor-spacer-inner\"><\/div>\n\t\t<\/div>\n\t\t\t\t\t\t<\/div>\n\t\t\t\t\t<\/div>\n\t\t\t\t<\/div>\n\t\t\t\t<\/div>","protected":false},"excerpt":{"rendered":"<p>Arbitraje Arbitraje Comercial Nacional Ver m\u00e1s Arbitraje Comercial Internacional Ver m\u00e1s Arbitraje de Inversiones Ver m\u00e1s Arbitraje Mar\u00edtimo Ver m\u00e1s Arbitraje en Construcci\u00f3n Ver m\u00e1s Otros Arbitrajes Especializados Ver m\u00e1s<\/p>","protected":false},"author":1,"featured_media":0,"parent":0,"menu_order":0,"comment_status":"closed","ping_status":"closed","template":"","meta":{"footnotes":""},"class_list":["post-338","page","type-page","status-publish","hentry"],"yoast_head":"<!-- This site is optimized with the Yoast SEO plugin v27.4 - https:\/\/yoast.com\/product\/yoast-seo-wordpress\/ -->\n<title>Arbitraje - Centro Internacional de Arbitraje de Lima<\/title>\n<meta name=\"description\" content=\"El Centro Internacional de Arbitraje de Lima (CIARB LIMA) es un centro especializado en la administraci\u00f3n de arbitrajes y mecanismos alternativos de resoluci\u00f3n de disputas, tanto nacionales como internacionales, bajo est\u00e1ndares de excelencia, imparcialidad y eficiencia, en l\u00ednea con la normativa peruana y las mejores pr\u00e1cticas internacionales\" \/>\n<meta name=\"robots\" content=\"index, follow, max-snippet:-1, max-image-preview:large, max-video-preview:-1\" \/>\n<link rel=\"canonical\" href=\"https:\/\/cial.law\/en\/arbitraje\/\" \/>\n<meta property=\"og:locale\" content=\"en_US\" \/>\n<meta property=\"og:type\" content=\"article\" \/>\n<meta property=\"og:title\" content=\"Arbitraje - Centro Internacional de Arbitraje de Lima\" \/>\n<meta property=\"og:description\" content=\"El Centro Internacional de Arbitraje de Lima (CIARB LIMA) es un centro especializado en la administraci\u00f3n de arbitrajes y mecanismos alternativos de resoluci\u00f3n de disputas, tanto nacionales como internacionales, bajo est\u00e1ndares de excelencia, imparcialidad y eficiencia, en l\u00ednea con la normativa peruana y las mejores pr\u00e1cticas internacionales\" \/>\n<meta property=\"og:url\" content=\"https:\/\/cial.law\/en\/arbitraje\/\" \/>\n<meta property=\"og:site_name\" content=\"Centro Internacional de Arbitraje de Lima\" \/>\n<meta property=\"article:modified_time\" content=\"2026-01-27T22:51:25+00:00\" \/>\n<meta property=\"og:image\" content=\"https:\/\/cial.law\/wp-content\/uploads\/2026\/01\/Thumb-Logo.webp\" \/>\n\t<meta property=\"og:image:width\" content=\"1200\" \/>\n\t<meta property=\"og:image:height\" content=\"675\" \/>\n\t<meta property=\"og:image:type\" content=\"image\/webp\" \/>\n<meta name=\"twitter:card\" content=\"summary_large_image\" \/>\n<meta name=\"twitter:label1\" content=\"Est. reading time\" \/>\n\t<meta name=\"twitter:data1\" content=\"1 minute\" \/>\n<script type=\"application\/ld+json\" class=\"yoast-schema-graph\">{\"@context\":\"https:\\\/\\\/schema.org\",\"@graph\":[{\"@type\":\"WebPage\",\"@id\":\"https:\\\/\\\/cial.law\\\/arbitraje\\\/\",\"url\":\"https:\\\/\\\/cial.law\\\/arbitraje\\\/\",\"name\":\"Arbitraje - Centro Internacional de Arbitraje de Lima\",\"isPartOf\":{\"@id\":\"https:\\\/\\\/cial.law\\\/#website\"},\"datePublished\":\"2026-01-20T04:04:05+00:00\",\"dateModified\":\"2026-01-27T22:51:25+00:00\",\"description\":\"El Centro Internacional de Arbitraje de Lima (CIARB LIMA) es un centro especializado en la administraci\u00f3n de arbitrajes y mecanismos alternativos de resoluci\u00f3n de disputas, tanto nacionales como internacionales, bajo est\u00e1ndares de excelencia, imparcialidad y eficiencia, en l\u00ednea con la normativa peruana y las mejores pr\u00e1cticas internacionales\",\"breadcrumb\":{\"@id\":\"https:\\\/\\\/cial.law\\\/arbitraje\\\/#breadcrumb\"},\"inLanguage\":\"en-US\",\"potentialAction\":[{\"@type\":\"ReadAction\",\"target\":[\"https:\\\/\\\/cial.law\\\/arbitraje\\\/\"]}]},{\"@type\":\"BreadcrumbList\",\"@id\":\"https:\\\/\\\/cial.law\\\/arbitraje\\\/#breadcrumb\",\"itemListElement\":[{\"@type\":\"ListItem\",\"position\":1,\"name\":\"Home\",\"item\":\"https:\\\/\\\/cial.law\\\/\"},{\"@type\":\"ListItem\",\"position\":2,\"name\":\"Arbitraje\"}]},{\"@type\":\"WebSite\",\"@id\":\"https:\\\/\\\/cial.law\\\/#website\",\"url\":\"https:\\\/\\\/cial.law\\\/\",\"name\":\"CIARB LIMA\",\"description\":\"Centro Internacional de Arbitraje de Lima\",\"publisher\":{\"@id\":\"https:\\\/\\\/cial.law\\\/#organization\"},\"potentialAction\":[{\"@type\":\"SearchAction\",\"target\":{\"@type\":\"EntryPoint\",\"urlTemplate\":\"https:\\\/\\\/cial.law\\\/?s={search_term_string}\"},\"query-input\":{\"@type\":\"PropertyValueSpecification\",\"valueRequired\":true,\"valueName\":\"search_term_string\"}}],\"inLanguage\":\"en-US\"},{\"@type\":\"Organization\",\"@id\":\"https:\\\/\\\/cial.law\\\/#organization\",\"name\":\"Centro Internacional de Arbitraje de Lima\",\"url\":\"https:\\\/\\\/cial.law\\\/\",\"logo\":{\"@type\":\"ImageObject\",\"inLanguage\":\"en-US\",\"@id\":\"https:\\\/\\\/cial.law\\\/#\\\/schema\\\/logo\\\/image\\\/\",\"url\":\"https:\\\/\\\/cial.law\\\/wp-content\\\/uploads\\\/2026\\\/01\\\/escudo-1.png\",\"contentUrl\":\"https:\\\/\\\/cial.law\\\/wp-content\\\/uploads\\\/2026\\\/01\\\/escudo-1.png\",\"width\":900,\"height\":1049,\"caption\":\"Centro Internacional de Arbitraje de Lima\"},\"image\":{\"@id\":\"https:\\\/\\\/cial.law\\\/#\\\/schema\\\/logo\\\/image\\\/\"}}]}<\/script>\n<!-- \/ Yoast SEO plugin. -->","yoast_head_json":{"title":"Arbitraje - Centro Internacional de Arbitraje de Lima","description":"El Centro Internacional de Arbitraje de Lima (CIARB LIMA) es un centro especializado en la administraci\u00f3n de arbitrajes y mecanismos alternativos de resoluci\u00f3n de disputas, tanto nacionales como internacionales, bajo est\u00e1ndares de excelencia, imparcialidad y eficiencia, en l\u00ednea con la normativa peruana y las mejores pr\u00e1cticas internacionales","robots":{"index":"index","follow":"follow","max-snippet":"max-snippet:-1","max-image-preview":"max-image-preview:large","max-video-preview":"max-video-preview:-1"},"canonical":"https:\/\/cial.law\/en\/arbitraje\/","og_locale":"en_US","og_type":"article","og_title":"Arbitraje - Centro Internacional de Arbitraje de Lima","og_description":"El Centro Internacional de Arbitraje de Lima (CIARB LIMA) es un centro especializado en la administraci\u00f3n de arbitrajes y mecanismos alternativos de resoluci\u00f3n de disputas, tanto nacionales como internacionales, bajo est\u00e1ndares de excelencia, imparcialidad y eficiencia, en l\u00ednea con la normativa peruana y las mejores pr\u00e1cticas internacionales","og_url":"https:\/\/cial.law\/en\/arbitraje\/","og_site_name":"Centro Internacional de Arbitraje de Lima","article_modified_time":"2026-01-27T22:51:25+00:00","og_image":[{"width":1200,"height":675,"url":"https:\/\/cial.law\/wp-content\/uploads\/2026\/01\/Thumb-Logo.webp","type":"image\/webp"}],"twitter_card":"summary_large_image","twitter_misc":{"Est. reading time":"1 minute"},"schema":{"@context":"https:\/\/schema.org","@graph":[{"@type":"WebPage","@id":"https:\/\/cial.law\/arbitraje\/","url":"https:\/\/cial.law\/arbitraje\/","name":"Arbitraje - Centro Internacional de Arbitraje de Lima","isPartOf":{"@id":"https:\/\/cial.law\/#website"},"datePublished":"2026-01-20T04:04:05+00:00","dateModified":"2026-01-27T22:51:25+00:00","description":"El Centro Internacional de Arbitraje de Lima (CIARB LIMA) es un centro especializado en la administraci\u00f3n de arbitrajes y mecanismos alternativos de resoluci\u00f3n de disputas, tanto nacionales como internacionales, bajo est\u00e1ndares de excelencia, imparcialidad y eficiencia, en l\u00ednea con la normativa peruana y las mejores pr\u00e1cticas internacionales","breadcrumb":{"@id":"https:\/\/cial.law\/arbitraje\/#breadcrumb"},"inLanguage":"en-US","potentialAction":[{"@type":"ReadAction","target":["https:\/\/cial.law\/arbitraje\/"]}]},{"@type":"BreadcrumbList","@id":"https:\/\/cial.law\/arbitraje\/#breadcrumb","itemListElement":[{"@type":"ListItem","position":1,"name":"Home","item":"https:\/\/cial.law\/"},{"@type":"ListItem","position":2,"name":"Arbitraje"}]},{"@type":"WebSite","@id":"https:\/\/cial.law\/#website","url":"https:\/\/cial.law\/","name":"CIARB LIMA","description":"Lima International Arbitration Center","publisher":{"@id":"https:\/\/cial.law\/#organization"},"potentialAction":[{"@type":"SearchAction","target":{"@type":"EntryPoint","urlTemplate":"https:\/\/cial.law\/?s={search_term_string}"},"query-input":{"@type":"PropertyValueSpecification","valueRequired":true,"valueName":"search_term_string"}}],"inLanguage":"en-US"},{"@type":"Organization","@id":"https:\/\/cial.law\/#organization","name":"Lima International Arbitration Center","url":"https:\/\/cial.law\/","logo":{"@type":"ImageObject","inLanguage":"en-US","@id":"https:\/\/cial.law\/#\/schema\/logo\/image\/","url":"https:\/\/cial.law\/wp-content\/uploads\/2026\/01\/escudo-1.png","contentUrl":"https:\/\/cial.law\/wp-content\/uploads\/2026\/01\/escudo-1.png","width":900,"height":1049,"caption":"Centro Internacional de Arbitraje de Lima"},"image":{"@id":"https:\/\/cial.law\/#\/schema\/logo\/image\/"}}]}},"_links":{"self":[{"href":"https:\/\/cial.law\/en\/wp-json\/wp\/v2\/pages\/338","targetHints":{"allow":["GET"]}}],"collection":[{"href":"https:\/\/cial.law\/en\/wp-json\/wp\/v2\/pages"}],"about":[{"href":"https:\/\/cial.law\/en\/wp-json\/wp\/v2\/types\/page"}],"author":[{"embeddable":true,"href":"https:\/\/cial.law\/en\/wp-json\/wp\/v2\/users\/1"}],"replies":[{"embeddable":true,"href":"https:\/\/cial.law\/en\/wp-json\/wp\/v2\/comments?post=338"}],"version-history":[{"count":16,"href":"https:\/\/cial.law\/en\/wp-json\/wp\/v2\/pages\/338\/revisions"}],"predecessor-version":[{"id":819,"href":"https:\/\/cial.law\/en\/wp-json\/wp\/v2\/pages\/338\/revisions\/819"}],"wp:attachment":[{"href":"https:\/\/cial.law\/en\/wp-json\/wp\/v2\/media?parent=338"}],"curies":[{"name":"wp","href":"https:\/\/api.w.org\/{rel}","templated":true}]}}