{"id":369,"date":"2026-01-20T04:14:47","date_gmt":"2026-01-20T04:14:47","guid":{"rendered":"https:\/\/cial.law\/?page_id=369"},"modified":"2026-01-21T17:10:47","modified_gmt":"2026-01-21T17:10:47","slug":"expertos","status":"publish","type":"page","link":"https:\/\/cial.law\/en\/expertos\/","title":{"rendered":"Specialists"},"content":{"rendered":"<div data-elementor-type=\"wp-page\" data-elementor-id=\"369\" class=\"elementor elementor-369\" data-elementor-post-type=\"page\">\n\t\t\t\t<div class=\"elementor-element elementor-element-1e75a34 e-flex e-con-boxed e-con e-parent\" data-id=\"1e75a34\" data-element_type=\"container\" data-e-type=\"container\">\n\t\t\t\t\t<div class=\"e-con-inner\">\n\t\t\t\t<div class=\"elementor-element elementor-element-6d6a7bb elementor-widget elementor-widget-spacer\" data-id=\"6d6a7bb\" data-element_type=\"widget\" data-e-type=\"widget\" data-widget_type=\"spacer.default\">\n\t\t\t\t\t\t\t<div class=\"elementor-spacer\">\n\t\t\t<div class=\"elementor-spacer-inner\"><\/div>\n\t\t<\/div>\n\t\t\t\t\t\t<\/div>\n\t\t\t\t\t<\/div>\n\t\t\t\t<\/div>\n\t\t<div class=\"elementor-element elementor-element-d575cb0 e-flex e-con-boxed e-con e-parent\" data-id=\"d575cb0\" data-element_type=\"container\" data-e-type=\"container\">\n\t\t\t\t\t<div class=\"e-con-inner\">\n\t\t<div class=\"elementor-element elementor-element-79672ae e-con-full e-flex e-con e-child\" data-id=\"79672ae\" data-element_type=\"container\" data-e-type=\"container\">\n\t\t<div class=\"elementor-element elementor-element-8513a4e e-con-full e-flex e-con e-child\" data-id=\"8513a4e\" data-element_type=\"container\" data-e-type=\"container\">\n\t\t\t\t<div class=\"elementor-element elementor-element-0aa67ae elementor-widget-divider--view-line elementor-widget elementor-widget-divider\" data-id=\"0aa67ae\" data-element_type=\"widget\" data-e-type=\"widget\" data-widget_type=\"divider.default\">\n\t\t\t\t\t\t\t<div class=\"elementor-divider\">\n\t\t\t<span class=\"elementor-divider-separator\">\n\t\t\t\t\t\t<\/span>\n\t\t<\/div>\n\t\t\t\t\t\t<\/div>\n\t\t\t\t<div class=\"elementor-element elementor-element-ed72e5f elementor-widget elementor-widget-text-editor\" data-id=\"ed72e5f\" data-element_type=\"widget\" data-e-type=\"widget\" data-widget_type=\"text-editor.default\">\n\t\t\t\t\t\t\t\t\t<p>In international arbitration, experts play a specialized technical role aimed at assisting the arbitral tribunal in the understanding and evaluation of complex issues that, in some cases, go beyond legal knowledge, such as financial, economic, accounting, engineering, construction, energy, or damages valuation matters. Their participation is framed by the principles of party autonomy, procedural equality, and due process, and is conducted in accordance with the applicable rules of institutional or ad hoc arbitration, as well as international best practices and standards, including soft law instruments on evidence in international arbitration. <em>soft law<\/em> sobre prueba en el arbitraje internacional.<\/p><p>From a functional perspective, experts in international arbitration act as instruments of technical clarification for the tribunal\u2019s decision-making, whether as party-appointed experts or as experts appointed by the arbitral tribunal itself. Their reports, testimony, and any expert conferencing sessions (commonly referred to as \u201chot-tubbing\u201d) are subject to adversarial scrutiny and the tribunal\u2019s free assessment. In this context, the evidentiary weight of expert opinions depends on their methodological soundness, technical coherence, and independence, thereby contributing to the quality, rationality, and legitimacy of the arbitral award, without replacing the tribunal\u2019s decision-making function.<\/p>\t\t\t\t\t\t\t\t<\/div>\n\t\t\t\t<\/div>\n\t\t<div class=\"elementor-element elementor-element-f576bde e-con-full e-flex e-con e-child\" data-id=\"f576bde\" data-element_type=\"container\" data-e-type=\"container\">\n\t\t\t\t<div class=\"elementor-element elementor-element-3d0329c elementor-widget elementor-widget-image\" data-id=\"3d0329c\" data-element_type=\"widget\" data-e-type=\"widget\" data-widget_type=\"image.default\">\n\t\t\t\t\t\t\t\t\t\t\t\t\t\t\t<img fetchpriority=\"high\" decoding=\"async\" width=\"1920\" height=\"857\" src=\"https:\/\/cial.law\/wp-content\/uploads\/2026\/01\/Expertos.webp\" class=\"attachment-full size-full wp-image-509\" alt=\"\" srcset=\"https:\/\/cial.law\/wp-content\/uploads\/2026\/01\/Expertos.webp 1920w, https:\/\/cial.law\/wp-content\/uploads\/2026\/01\/Expertos-300x134.webp 300w, https:\/\/cial.law\/wp-content\/uploads\/2026\/01\/Expertos-1024x457.webp 1024w, https:\/\/cial.law\/wp-content\/uploads\/2026\/01\/Expertos-768x343.webp 768w, https:\/\/cial.law\/wp-content\/uploads\/2026\/01\/Expertos-1536x686.webp 1536w\" sizes=\"(max-width: 1920px) 100vw, 1920px\" \/>\t\t\t\t\t\t\t\t\t\t\t\t\t\t\t<\/div>\n\t\t\t\t<\/div>\n\t\t\t\t<\/div>\n\t\t\t\t\t<\/div>\n\t\t\t\t<\/div>\n\t\t<div class=\"elementor-element elementor-element-17fb1d1 e-flex e-con-boxed e-con e-parent\" data-id=\"17fb1d1\" data-element_type=\"container\" data-e-type=\"container\">\n\t\t\t\t\t<div class=\"e-con-inner\">\n\t\t\t\t<div class=\"elementor-element elementor-element-f22b403 elementor-widget elementor-widget-spacer\" data-id=\"f22b403\" data-element_type=\"widget\" data-e-type=\"widget\" data-widget_type=\"spacer.default\">\n\t\t\t\t\t\t\t<div class=\"elementor-spacer\">\n\t\t\t<div class=\"elementor-spacer-inner\"><\/div>\n\t\t<\/div>\n\t\t\t\t\t\t<\/div>\n\t\t\t\t\t<\/div>\n\t\t\t\t<\/div>\n\t\t\t\t<\/div>","protected":false},"excerpt":{"rendered":"<p>En el arbitraje internacional, los expertos desempe\u00f1an un rol t\u00e9cnico especializado destinado a asistir al tribunal arbitral en la comprensi\u00f3n y evaluaci\u00f3n de cuestiones complejas que en algunos casos exceden el conocimiento jur\u00eddico, tales como materias financieras, econ\u00f3micas, contables, de ingenier\u00eda, construcci\u00f3n, energ\u00eda o valoraci\u00f3n de da\u00f1os. Su participaci\u00f3n se enmarca en los principios de [&hellip;]<\/p>\n","protected":false},"author":1,"featured_media":0,"parent":0,"menu_order":0,"comment_status":"closed","ping_status":"closed","template":"","meta":{"footnotes":""},"class_list":["post-369","page","type-page","status-publish","hentry"],"yoast_head":"<!-- This site is optimized with the Yoast SEO plugin v27.4 - https:\/\/yoast.com\/product\/yoast-seo-wordpress\/ -->\n<title>Expertos - Centro Internacional de Arbitraje de Lima<\/title>\n<meta name=\"description\" content=\"El Centro Internacional de Arbitraje de Lima (CIARB LIMA) es un centro especializado en la administraci\u00f3n de arbitrajes y mecanismos alternativos de resoluci\u00f3n de disputas, tanto nacionales como internacionales, bajo est\u00e1ndares de excelencia, imparcialidad y eficiencia, en l\u00ednea con la normativa peruana y las mejores pr\u00e1cticas internacionales\" \/>\n<meta name=\"robots\" content=\"index, follow, max-snippet:-1, max-image-preview:large, max-video-preview:-1\" \/>\n<link rel=\"canonical\" href=\"https:\/\/cial.law\/en\/expertos\/\" \/>\n<meta property=\"og:locale\" content=\"en_US\" \/>\n<meta property=\"og:type\" content=\"article\" \/>\n<meta property=\"og:title\" content=\"Expertos - Centro Internacional de Arbitraje de Lima\" \/>\n<meta property=\"og:description\" content=\"El Centro Internacional de Arbitraje de Lima (CIARB LIMA) es un centro especializado en la administraci\u00f3n de arbitrajes y mecanismos alternativos de resoluci\u00f3n de disputas, tanto nacionales como internacionales, bajo est\u00e1ndares de excelencia, imparcialidad y eficiencia, en l\u00ednea con la normativa peruana y las mejores pr\u00e1cticas internacionales\" \/>\n<meta property=\"og:url\" content=\"https:\/\/cial.law\/en\/expertos\/\" \/>\n<meta property=\"og:site_name\" content=\"Centro Internacional de Arbitraje de Lima\" \/>\n<meta property=\"article:modified_time\" content=\"2026-01-21T17:10:47+00:00\" \/>\n<meta property=\"og:image\" content=\"https:\/\/cial.law\/wp-content\/uploads\/2026\/01\/Expertos.webp\" \/>\n\t<meta property=\"og:image:width\" content=\"1920\" \/>\n\t<meta property=\"og:image:height\" content=\"857\" \/>\n\t<meta property=\"og:image:type\" content=\"image\/webp\" \/>\n<meta name=\"twitter:card\" content=\"summary_large_image\" \/>\n<meta name=\"twitter:label1\" content=\"Est. reading time\" \/>\n\t<meta name=\"twitter:data1\" content=\"1 minute\" \/>\n<script type=\"application\/ld+json\" class=\"yoast-schema-graph\">{\"@context\":\"https:\\\/\\\/schema.org\",\"@graph\":[{\"@type\":\"WebPage\",\"@id\":\"https:\\\/\\\/cial.law\\\/expertos\\\/\",\"url\":\"https:\\\/\\\/cial.law\\\/expertos\\\/\",\"name\":\"Expertos - Centro Internacional de Arbitraje de Lima\",\"isPartOf\":{\"@id\":\"https:\\\/\\\/cial.law\\\/#website\"},\"primaryImageOfPage\":{\"@id\":\"https:\\\/\\\/cial.law\\\/expertos\\\/#primaryimage\"},\"image\":{\"@id\":\"https:\\\/\\\/cial.law\\\/expertos\\\/#primaryimage\"},\"thumbnailUrl\":\"https:\\\/\\\/cial.law\\\/wp-content\\\/uploads\\\/2026\\\/01\\\/Expertos.webp\",\"datePublished\":\"2026-01-20T04:14:47+00:00\",\"dateModified\":\"2026-01-21T17:10:47+00:00\",\"description\":\"El Centro Internacional de Arbitraje de Lima (CIARB LIMA) es un centro especializado en la administraci\u00f3n de arbitrajes y mecanismos alternativos de resoluci\u00f3n de disputas, tanto nacionales como internacionales, bajo est\u00e1ndares de excelencia, imparcialidad y eficiencia, en l\u00ednea con la normativa peruana y las mejores pr\u00e1cticas internacionales\",\"breadcrumb\":{\"@id\":\"https:\\\/\\\/cial.law\\\/expertos\\\/#breadcrumb\"},\"inLanguage\":\"en-US\",\"potentialAction\":[{\"@type\":\"ReadAction\",\"target\":[\"https:\\\/\\\/cial.law\\\/expertos\\\/\"]}]},{\"@type\":\"ImageObject\",\"inLanguage\":\"en-US\",\"@id\":\"https:\\\/\\\/cial.law\\\/expertos\\\/#primaryimage\",\"url\":\"https:\\\/\\\/cial.law\\\/wp-content\\\/uploads\\\/2026\\\/01\\\/Expertos.webp\",\"contentUrl\":\"https:\\\/\\\/cial.law\\\/wp-content\\\/uploads\\\/2026\\\/01\\\/Expertos.webp\"},{\"@type\":\"BreadcrumbList\",\"@id\":\"https:\\\/\\\/cial.law\\\/expertos\\\/#breadcrumb\",\"itemListElement\":[{\"@type\":\"ListItem\",\"position\":1,\"name\":\"Home\",\"item\":\"https:\\\/\\\/cial.law\\\/\"},{\"@type\":\"ListItem\",\"position\":2,\"name\":\"Expertos\"}]},{\"@type\":\"WebSite\",\"@id\":\"https:\\\/\\\/cial.law\\\/#website\",\"url\":\"https:\\\/\\\/cial.law\\\/\",\"name\":\"CIARB LIMA\",\"description\":\"Centro Internacional de Arbitraje de Lima\",\"publisher\":{\"@id\":\"https:\\\/\\\/cial.law\\\/#organization\"},\"potentialAction\":[{\"@type\":\"SearchAction\",\"target\":{\"@type\":\"EntryPoint\",\"urlTemplate\":\"https:\\\/\\\/cial.law\\\/?s={search_term_string}\"},\"query-input\":{\"@type\":\"PropertyValueSpecification\",\"valueRequired\":true,\"valueName\":\"search_term_string\"}}],\"inLanguage\":\"en-US\"},{\"@type\":\"Organization\",\"@id\":\"https:\\\/\\\/cial.law\\\/#organization\",\"name\":\"Centro Internacional de Arbitraje de Lima\",\"url\":\"https:\\\/\\\/cial.law\\\/\",\"logo\":{\"@type\":\"ImageObject\",\"inLanguage\":\"en-US\",\"@id\":\"https:\\\/\\\/cial.law\\\/#\\\/schema\\\/logo\\\/image\\\/\",\"url\":\"https:\\\/\\\/cial.law\\\/wp-content\\\/uploads\\\/2026\\\/01\\\/escudo-1.png\",\"contentUrl\":\"https:\\\/\\\/cial.law\\\/wp-content\\\/uploads\\\/2026\\\/01\\\/escudo-1.png\",\"width\":900,\"height\":1049,\"caption\":\"Centro Internacional de Arbitraje de Lima\"},\"image\":{\"@id\":\"https:\\\/\\\/cial.law\\\/#\\\/schema\\\/logo\\\/image\\\/\"}}]}<\/script>\n<!-- \/ Yoast SEO plugin. -->","yoast_head_json":{"title":"Expertos - Centro Internacional de Arbitraje de Lima","description":"El Centro Internacional de Arbitraje de Lima (CIARB LIMA) es un centro especializado en la administraci\u00f3n de arbitrajes y mecanismos alternativos de resoluci\u00f3n de disputas, tanto nacionales como internacionales, bajo est\u00e1ndares de excelencia, imparcialidad y eficiencia, en l\u00ednea con la normativa peruana y las mejores pr\u00e1cticas internacionales","robots":{"index":"index","follow":"follow","max-snippet":"max-snippet:-1","max-image-preview":"max-image-preview:large","max-video-preview":"max-video-preview:-1"},"canonical":"https:\/\/cial.law\/en\/expertos\/","og_locale":"en_US","og_type":"article","og_title":"Expertos - Centro Internacional de Arbitraje de Lima","og_description":"El Centro Internacional de Arbitraje de Lima (CIARB LIMA) es un centro especializado en la administraci\u00f3n de arbitrajes y mecanismos alternativos de resoluci\u00f3n de disputas, tanto nacionales como internacionales, bajo est\u00e1ndares de excelencia, imparcialidad y eficiencia, en l\u00ednea con la normativa peruana y las mejores pr\u00e1cticas internacionales","og_url":"https:\/\/cial.law\/en\/expertos\/","og_site_name":"Centro Internacional de Arbitraje de Lima","article_modified_time":"2026-01-21T17:10:47+00:00","og_image":[{"width":1920,"height":857,"url":"https:\/\/cial.law\/wp-content\/uploads\/2026\/01\/Expertos.webp","type":"image\/webp"}],"twitter_card":"summary_large_image","twitter_misc":{"Est. reading time":"1 minute"},"schema":{"@context":"https:\/\/schema.org","@graph":[{"@type":"WebPage","@id":"https:\/\/cial.law\/expertos\/","url":"https:\/\/cial.law\/expertos\/","name":"Expertos - Centro Internacional de Arbitraje de Lima","isPartOf":{"@id":"https:\/\/cial.law\/#website"},"primaryImageOfPage":{"@id":"https:\/\/cial.law\/expertos\/#primaryimage"},"image":{"@id":"https:\/\/cial.law\/expertos\/#primaryimage"},"thumbnailUrl":"https:\/\/cial.law\/wp-content\/uploads\/2026\/01\/Expertos.webp","datePublished":"2026-01-20T04:14:47+00:00","dateModified":"2026-01-21T17:10:47+00:00","description":"El Centro Internacional de Arbitraje de Lima (CIARB LIMA) es un centro especializado en la administraci\u00f3n de arbitrajes y mecanismos alternativos de resoluci\u00f3n de disputas, tanto nacionales como internacionales, bajo est\u00e1ndares de excelencia, imparcialidad y eficiencia, en l\u00ednea con la normativa peruana y las mejores pr\u00e1cticas internacionales","breadcrumb":{"@id":"https:\/\/cial.law\/expertos\/#breadcrumb"},"inLanguage":"en-US","potentialAction":[{"@type":"ReadAction","target":["https:\/\/cial.law\/expertos\/"]}]},{"@type":"ImageObject","inLanguage":"en-US","@id":"https:\/\/cial.law\/expertos\/#primaryimage","url":"https:\/\/cial.law\/wp-content\/uploads\/2026\/01\/Expertos.webp","contentUrl":"https:\/\/cial.law\/wp-content\/uploads\/2026\/01\/Expertos.webp"},{"@type":"BreadcrumbList","@id":"https:\/\/cial.law\/expertos\/#breadcrumb","itemListElement":[{"@type":"ListItem","position":1,"name":"Home","item":"https:\/\/cial.law\/"},{"@type":"ListItem","position":2,"name":"Expertos"}]},{"@type":"WebSite","@id":"https:\/\/cial.law\/#website","url":"https:\/\/cial.law\/","name":"CIARB LIMA","description":"Lima International Arbitration Center","publisher":{"@id":"https:\/\/cial.law\/#organization"},"potentialAction":[{"@type":"SearchAction","target":{"@type":"EntryPoint","urlTemplate":"https:\/\/cial.law\/?s={search_term_string}"},"query-input":{"@type":"PropertyValueSpecification","valueRequired":true,"valueName":"search_term_string"}}],"inLanguage":"en-US"},{"@type":"Organization","@id":"https:\/\/cial.law\/#organization","name":"Lima International Arbitration Center","url":"https:\/\/cial.law\/","logo":{"@type":"ImageObject","inLanguage":"en-US","@id":"https:\/\/cial.law\/#\/schema\/logo\/image\/","url":"https:\/\/cial.law\/wp-content\/uploads\/2026\/01\/escudo-1.png","contentUrl":"https:\/\/cial.law\/wp-content\/uploads\/2026\/01\/escudo-1.png","width":900,"height":1049,"caption":"Centro Internacional de Arbitraje de Lima"},"image":{"@id":"https:\/\/cial.law\/#\/schema\/logo\/image\/"}}]}},"_links":{"self":[{"href":"https:\/\/cial.law\/en\/wp-json\/wp\/v2\/pages\/369","targetHints":{"allow":["GET"]}}],"collection":[{"href":"https:\/\/cial.law\/en\/wp-json\/wp\/v2\/pages"}],"about":[{"href":"https:\/\/cial.law\/en\/wp-json\/wp\/v2\/types\/page"}],"author":[{"embeddable":true,"href":"https:\/\/cial.law\/en\/wp-json\/wp\/v2\/users\/1"}],"replies":[{"embeddable":true,"href":"https:\/\/cial.law\/en\/wp-json\/wp\/v2\/comments?post=369"}],"version-history":[{"count":7,"href":"https:\/\/cial.law\/en\/wp-json\/wp\/v2\/pages\/369\/revisions"}],"predecessor-version":[{"id":512,"href":"https:\/\/cial.law\/en\/wp-json\/wp\/v2\/pages\/369\/revisions\/512"}],"wp:attachment":[{"href":"https:\/\/cial.law\/en\/wp-json\/wp\/v2\/media?parent=369"}],"curies":[{"name":"wp","href":"https:\/\/api.w.org\/{rel}","templated":true}]}}