{"id":384,"date":"2026-01-20T04:19:06","date_gmt":"2026-01-20T04:19:06","guid":{"rendered":"https:\/\/cial.law\/?page_id=384"},"modified":"2026-01-21T17:13:23","modified_gmt":"2026-01-21T17:13:23","slug":"diagnostico-social-integral","status":"publish","type":"page","link":"https:\/\/cial.law\/en\/diagnostico-social-integral\/","title":{"rendered":"Comprehensive Social Assessment"},"content":{"rendered":"<div data-elementor-type=\"wp-page\" data-elementor-id=\"384\" class=\"elementor elementor-384\" data-elementor-post-type=\"page\">\n\t\t\t\t<div class=\"elementor-element elementor-element-1e75a34 e-flex e-con-boxed e-con e-parent\" data-id=\"1e75a34\" data-element_type=\"container\" data-e-type=\"container\">\n\t\t\t\t\t<div class=\"e-con-inner\">\n\t\t\t\t<div class=\"elementor-element elementor-element-6d6a7bb elementor-widget elementor-widget-spacer\" data-id=\"6d6a7bb\" data-element_type=\"widget\" data-e-type=\"widget\" data-widget_type=\"spacer.default\">\n\t\t\t\t\t\t\t<div class=\"elementor-spacer\">\n\t\t\t<div class=\"elementor-spacer-inner\"><\/div>\n\t\t<\/div>\n\t\t\t\t\t\t<\/div>\n\t\t\t\t\t<\/div>\n\t\t\t\t<\/div>\n\t\t<div class=\"elementor-element elementor-element-d575cb0 e-flex e-con-boxed e-con e-parent\" data-id=\"d575cb0\" data-element_type=\"container\" data-e-type=\"container\">\n\t\t\t\t\t<div class=\"e-con-inner\">\n\t\t<div class=\"elementor-element elementor-element-79672ae e-con-full e-flex e-con e-child\" data-id=\"79672ae\" data-element_type=\"container\" data-e-type=\"container\">\n\t\t<div class=\"elementor-element elementor-element-8513a4e e-con-full e-flex e-con e-child\" data-id=\"8513a4e\" data-element_type=\"container\" data-e-type=\"container\">\n\t\t\t\t<div class=\"elementor-element elementor-element-0aa67ae elementor-widget-divider--view-line elementor-widget elementor-widget-divider\" data-id=\"0aa67ae\" data-element_type=\"widget\" data-e-type=\"widget\" data-widget_type=\"divider.default\">\n\t\t\t\t\t\t\t<div class=\"elementor-divider\">\n\t\t\t<span class=\"elementor-divider-separator\">\n\t\t\t\t\t\t<\/span>\n\t\t<\/div>\n\t\t\t\t\t\t<\/div>\n\t\t\t\t<div class=\"elementor-element elementor-element-ed72e5f elementor-widget elementor-widget-text-editor\" data-id=\"ed72e5f\" data-element_type=\"widget\" data-e-type=\"widget\" data-widget_type=\"text-editor.default\">\n\t\t\t\t\t\t\t\t\t<p>The Comprehensive Social Assessment is a specialized service that enables companies and public entities to strategically and timely understand the social environment of investment projects, through the analysis of social, cultural, political, economic, and territorial dimensions, as well as the identification of key stakeholders, their interests, and dynamics. Through situational assessments, stakeholder mapping, socioeconomic and cultural studies, analysis of local micropolitics, and the development of social baselines, this service anticipates social risks, prevents conflicts, and strengthens decision-making, thereby contributing to more efficient social management, constructive relationships with communities, and the sustainability of the project.<\/p>\t\t\t\t\t\t\t\t<\/div>\n\t\t\t\t<\/div>\n\t\t<div class=\"elementor-element elementor-element-f576bde e-con-full e-flex e-con e-child\" data-id=\"f576bde\" data-element_type=\"container\" data-e-type=\"container\">\n\t\t\t\t<div class=\"elementor-element elementor-element-3d0329c elementor-widget elementor-widget-image\" data-id=\"3d0329c\" data-element_type=\"widget\" data-e-type=\"widget\" data-widget_type=\"image.default\">\n\t\t\t\t\t\t\t\t\t\t\t\t\t\t\t<img fetchpriority=\"high\" decoding=\"async\" width=\"1920\" height=\"857\" src=\"https:\/\/cial.law\/wp-content\/uploads\/2026\/01\/DSI.webp\" class=\"attachment-full size-full wp-image-521\" alt=\"\" srcset=\"https:\/\/cial.law\/wp-content\/uploads\/2026\/01\/DSI.webp 1920w, https:\/\/cial.law\/wp-content\/uploads\/2026\/01\/DSI-300x134.webp 300w, https:\/\/cial.law\/wp-content\/uploads\/2026\/01\/DSI-1024x457.webp 1024w, https:\/\/cial.law\/wp-content\/uploads\/2026\/01\/DSI-768x343.webp 768w, https:\/\/cial.law\/wp-content\/uploads\/2026\/01\/DSI-1536x686.webp 1536w\" sizes=\"(max-width: 1920px) 100vw, 1920px\" \/>\t\t\t\t\t\t\t\t\t\t\t\t\t\t\t<\/div>\n\t\t\t\t<\/div>\n\t\t\t\t<\/div>\n\t\t\t\t\t<\/div>\n\t\t\t\t<\/div>\n\t\t<div class=\"elementor-element elementor-element-17fb1d1 e-flex e-con-boxed e-con e-parent\" data-id=\"17fb1d1\" data-element_type=\"container\" data-e-type=\"container\">\n\t\t\t\t\t<div class=\"e-con-inner\">\n\t\t\t\t<div class=\"elementor-element elementor-element-f22b403 elementor-widget elementor-widget-spacer\" data-id=\"f22b403\" data-element_type=\"widget\" data-e-type=\"widget\" data-widget_type=\"spacer.default\">\n\t\t\t\t\t\t\t<div class=\"elementor-spacer\">\n\t\t\t<div class=\"elementor-spacer-inner\"><\/div>\n\t\t<\/div>\n\t\t\t\t\t\t<\/div>\n\t\t\t\t\t<\/div>\n\t\t\t\t<\/div>\n\t\t\t\t<\/div>","protected":false},"excerpt":{"rendered":"<p>El Diagn\u00f3stico Social Integral es un servicio especializado que permite a empresas y entidades p\u00fablicas comprender de manera estrat\u00e9gica y oportuna el entorno social de los proyectos de inversi\u00f3n, mediante el an\u00e1lisis de las dimensiones sociales, culturales, pol\u00edticas, econ\u00f3micas y territoriales, as\u00ed como la identificaci\u00f3n de actores clave, sus intereses y din\u00e1micas. A trav\u00e9s de [&hellip;]<\/p>\n","protected":false},"author":1,"featured_media":0,"parent":0,"menu_order":0,"comment_status":"closed","ping_status":"closed","template":"","meta":{"footnotes":""},"class_list":["post-384","page","type-page","status-publish","hentry"],"yoast_head":"<!-- This site is optimized with the Yoast SEO plugin v27.4 - https:\/\/yoast.com\/product\/yoast-seo-wordpress\/ -->\n<title>Diagn\u00f3stico Social Integral - Centro Internacional de Arbitraje de Lima<\/title>\n<meta name=\"description\" content=\"El Centro Internacional de Arbitraje de Lima (CIARB LIMA) es un centro especializado en la administraci\u00f3n de arbitrajes y mecanismos alternativos de resoluci\u00f3n de disputas, tanto nacionales como internacionales, bajo est\u00e1ndares de excelencia, imparcialidad y eficiencia, en l\u00ednea con la normativa peruana y las mejores pr\u00e1cticas internacionales\" \/>\n<meta name=\"robots\" content=\"index, follow, max-snippet:-1, max-image-preview:large, max-video-preview:-1\" \/>\n<link rel=\"canonical\" href=\"https:\/\/cial.law\/en\/diagnostico-social-integral\/\" \/>\n<meta property=\"og:locale\" content=\"en_US\" \/>\n<meta property=\"og:type\" content=\"article\" \/>\n<meta property=\"og:title\" content=\"Diagn\u00f3stico Social Integral - Centro Internacional de Arbitraje de Lima\" \/>\n<meta property=\"og:description\" content=\"El Centro Internacional de Arbitraje de Lima (CIARB LIMA) es un centro especializado en la administraci\u00f3n de arbitrajes y mecanismos alternativos de resoluci\u00f3n de disputas, tanto nacionales como internacionales, bajo est\u00e1ndares de excelencia, imparcialidad y eficiencia, en l\u00ednea con la normativa peruana y las mejores pr\u00e1cticas internacionales\" \/>\n<meta property=\"og:url\" content=\"https:\/\/cial.law\/en\/diagnostico-social-integral\/\" \/>\n<meta property=\"og:site_name\" content=\"Centro Internacional de Arbitraje de Lima\" \/>\n<meta property=\"article:modified_time\" content=\"2026-01-21T17:13:23+00:00\" \/>\n<meta property=\"og:image\" content=\"https:\/\/cial.law\/wp-content\/uploads\/2026\/01\/DSI.webp\" \/>\n\t<meta property=\"og:image:width\" content=\"1920\" \/>\n\t<meta property=\"og:image:height\" content=\"857\" \/>\n\t<meta property=\"og:image:type\" content=\"image\/webp\" \/>\n<meta name=\"twitter:card\" content=\"summary_large_image\" \/>\n<meta name=\"twitter:label1\" content=\"Est. reading time\" \/>\n\t<meta name=\"twitter:data1\" content=\"1 minute\" \/>\n<script type=\"application\/ld+json\" class=\"yoast-schema-graph\">{\"@context\":\"https:\\\/\\\/schema.org\",\"@graph\":[{\"@type\":\"WebPage\",\"@id\":\"https:\\\/\\\/cial.law\\\/diagnostico-social-integral\\\/\",\"url\":\"https:\\\/\\\/cial.law\\\/diagnostico-social-integral\\\/\",\"name\":\"Diagn\u00f3stico Social Integral - Centro Internacional de Arbitraje de Lima\",\"isPartOf\":{\"@id\":\"https:\\\/\\\/cial.law\\\/#website\"},\"primaryImageOfPage\":{\"@id\":\"https:\\\/\\\/cial.law\\\/diagnostico-social-integral\\\/#primaryimage\"},\"image\":{\"@id\":\"https:\\\/\\\/cial.law\\\/diagnostico-social-integral\\\/#primaryimage\"},\"thumbnailUrl\":\"https:\\\/\\\/cial.law\\\/wp-content\\\/uploads\\\/2026\\\/01\\\/DSI.webp\",\"datePublished\":\"2026-01-20T04:19:06+00:00\",\"dateModified\":\"2026-01-21T17:13:23+00:00\",\"description\":\"El Centro Internacional de Arbitraje de Lima (CIARB LIMA) es un centro especializado en la administraci\u00f3n de arbitrajes y mecanismos alternativos de resoluci\u00f3n de disputas, tanto nacionales como internacionales, bajo est\u00e1ndares de excelencia, imparcialidad y eficiencia, en l\u00ednea con la normativa peruana y las mejores pr\u00e1cticas internacionales\",\"breadcrumb\":{\"@id\":\"https:\\\/\\\/cial.law\\\/diagnostico-social-integral\\\/#breadcrumb\"},\"inLanguage\":\"en-US\",\"potentialAction\":[{\"@type\":\"ReadAction\",\"target\":[\"https:\\\/\\\/cial.law\\\/diagnostico-social-integral\\\/\"]}]},{\"@type\":\"ImageObject\",\"inLanguage\":\"en-US\",\"@id\":\"https:\\\/\\\/cial.law\\\/diagnostico-social-integral\\\/#primaryimage\",\"url\":\"https:\\\/\\\/cial.law\\\/wp-content\\\/uploads\\\/2026\\\/01\\\/DSI.webp\",\"contentUrl\":\"https:\\\/\\\/cial.law\\\/wp-content\\\/uploads\\\/2026\\\/01\\\/DSI.webp\"},{\"@type\":\"BreadcrumbList\",\"@id\":\"https:\\\/\\\/cial.law\\\/diagnostico-social-integral\\\/#breadcrumb\",\"itemListElement\":[{\"@type\":\"ListItem\",\"position\":1,\"name\":\"Home\",\"item\":\"https:\\\/\\\/cial.law\\\/\"},{\"@type\":\"ListItem\",\"position\":2,\"name\":\"Diagn\u00f3stico Social Integral\"}]},{\"@type\":\"WebSite\",\"@id\":\"https:\\\/\\\/cial.law\\\/#website\",\"url\":\"https:\\\/\\\/cial.law\\\/\",\"name\":\"CIARB LIMA\",\"description\":\"Centro Internacional de Arbitraje de Lima\",\"publisher\":{\"@id\":\"https:\\\/\\\/cial.law\\\/#organization\"},\"potentialAction\":[{\"@type\":\"SearchAction\",\"target\":{\"@type\":\"EntryPoint\",\"urlTemplate\":\"https:\\\/\\\/cial.law\\\/?s={search_term_string}\"},\"query-input\":{\"@type\":\"PropertyValueSpecification\",\"valueRequired\":true,\"valueName\":\"search_term_string\"}}],\"inLanguage\":\"en-US\"},{\"@type\":\"Organization\",\"@id\":\"https:\\\/\\\/cial.law\\\/#organization\",\"name\":\"Centro Internacional de Arbitraje de Lima\",\"url\":\"https:\\\/\\\/cial.law\\\/\",\"logo\":{\"@type\":\"ImageObject\",\"inLanguage\":\"en-US\",\"@id\":\"https:\\\/\\\/cial.law\\\/#\\\/schema\\\/logo\\\/image\\\/\",\"url\":\"https:\\\/\\\/cial.law\\\/wp-content\\\/uploads\\\/2026\\\/01\\\/escudo-1.png\",\"contentUrl\":\"https:\\\/\\\/cial.law\\\/wp-content\\\/uploads\\\/2026\\\/01\\\/escudo-1.png\",\"width\":900,\"height\":1049,\"caption\":\"Centro Internacional de Arbitraje de Lima\"},\"image\":{\"@id\":\"https:\\\/\\\/cial.law\\\/#\\\/schema\\\/logo\\\/image\\\/\"}}]}<\/script>\n<!-- \/ Yoast SEO plugin. -->","yoast_head_json":{"title":"Diagn\u00f3stico Social Integral - Centro Internacional de Arbitraje de Lima","description":"El Centro Internacional de Arbitraje de Lima (CIARB LIMA) es un centro especializado en la administraci\u00f3n de arbitrajes y mecanismos alternativos de resoluci\u00f3n de disputas, tanto nacionales como internacionales, bajo est\u00e1ndares de excelencia, imparcialidad y eficiencia, en l\u00ednea con la normativa peruana y las mejores pr\u00e1cticas internacionales","robots":{"index":"index","follow":"follow","max-snippet":"max-snippet:-1","max-image-preview":"max-image-preview:large","max-video-preview":"max-video-preview:-1"},"canonical":"https:\/\/cial.law\/en\/diagnostico-social-integral\/","og_locale":"en_US","og_type":"article","og_title":"Diagn\u00f3stico Social Integral - Centro Internacional de Arbitraje de Lima","og_description":"El Centro Internacional de Arbitraje de Lima (CIARB LIMA) es un centro especializado en la administraci\u00f3n de arbitrajes y mecanismos alternativos de resoluci\u00f3n de disputas, tanto nacionales como internacionales, bajo est\u00e1ndares de excelencia, imparcialidad y eficiencia, en l\u00ednea con la normativa peruana y las mejores pr\u00e1cticas internacionales","og_url":"https:\/\/cial.law\/en\/diagnostico-social-integral\/","og_site_name":"Centro Internacional de Arbitraje de Lima","article_modified_time":"2026-01-21T17:13:23+00:00","og_image":[{"width":1920,"height":857,"url":"https:\/\/cial.law\/wp-content\/uploads\/2026\/01\/DSI.webp","type":"image\/webp"}],"twitter_card":"summary_large_image","twitter_misc":{"Est. reading time":"1 minute"},"schema":{"@context":"https:\/\/schema.org","@graph":[{"@type":"WebPage","@id":"https:\/\/cial.law\/diagnostico-social-integral\/","url":"https:\/\/cial.law\/diagnostico-social-integral\/","name":"Diagn\u00f3stico Social Integral - Centro Internacional de Arbitraje de Lima","isPartOf":{"@id":"https:\/\/cial.law\/#website"},"primaryImageOfPage":{"@id":"https:\/\/cial.law\/diagnostico-social-integral\/#primaryimage"},"image":{"@id":"https:\/\/cial.law\/diagnostico-social-integral\/#primaryimage"},"thumbnailUrl":"https:\/\/cial.law\/wp-content\/uploads\/2026\/01\/DSI.webp","datePublished":"2026-01-20T04:19:06+00:00","dateModified":"2026-01-21T17:13:23+00:00","description":"El Centro Internacional de Arbitraje de Lima (CIARB LIMA) es un centro especializado en la administraci\u00f3n de arbitrajes y mecanismos alternativos de resoluci\u00f3n de disputas, tanto nacionales como internacionales, bajo est\u00e1ndares de excelencia, imparcialidad y eficiencia, en l\u00ednea con la normativa peruana y las mejores pr\u00e1cticas internacionales","breadcrumb":{"@id":"https:\/\/cial.law\/diagnostico-social-integral\/#breadcrumb"},"inLanguage":"en-US","potentialAction":[{"@type":"ReadAction","target":["https:\/\/cial.law\/diagnostico-social-integral\/"]}]},{"@type":"ImageObject","inLanguage":"en-US","@id":"https:\/\/cial.law\/diagnostico-social-integral\/#primaryimage","url":"https:\/\/cial.law\/wp-content\/uploads\/2026\/01\/DSI.webp","contentUrl":"https:\/\/cial.law\/wp-content\/uploads\/2026\/01\/DSI.webp"},{"@type":"BreadcrumbList","@id":"https:\/\/cial.law\/diagnostico-social-integral\/#breadcrumb","itemListElement":[{"@type":"ListItem","position":1,"name":"Home","item":"https:\/\/cial.law\/"},{"@type":"ListItem","position":2,"name":"Diagn\u00f3stico Social Integral"}]},{"@type":"WebSite","@id":"https:\/\/cial.law\/#website","url":"https:\/\/cial.law\/","name":"CIARB LIMA","description":"Lima International Arbitration Center","publisher":{"@id":"https:\/\/cial.law\/#organization"},"potentialAction":[{"@type":"SearchAction","target":{"@type":"EntryPoint","urlTemplate":"https:\/\/cial.law\/?s={search_term_string}"},"query-input":{"@type":"PropertyValueSpecification","valueRequired":true,"valueName":"search_term_string"}}],"inLanguage":"en-US"},{"@type":"Organization","@id":"https:\/\/cial.law\/#organization","name":"Lima International Arbitration Center","url":"https:\/\/cial.law\/","logo":{"@type":"ImageObject","inLanguage":"en-US","@id":"https:\/\/cial.law\/#\/schema\/logo\/image\/","url":"https:\/\/cial.law\/wp-content\/uploads\/2026\/01\/escudo-1.png","contentUrl":"https:\/\/cial.law\/wp-content\/uploads\/2026\/01\/escudo-1.png","width":900,"height":1049,"caption":"Centro Internacional de Arbitraje de Lima"},"image":{"@id":"https:\/\/cial.law\/#\/schema\/logo\/image\/"}}]}},"_links":{"self":[{"href":"https:\/\/cial.law\/en\/wp-json\/wp\/v2\/pages\/384","targetHints":{"allow":["GET"]}}],"collection":[{"href":"https:\/\/cial.law\/en\/wp-json\/wp\/v2\/pages"}],"about":[{"href":"https:\/\/cial.law\/en\/wp-json\/wp\/v2\/types\/page"}],"author":[{"embeddable":true,"href":"https:\/\/cial.law\/en\/wp-json\/wp\/v2\/users\/1"}],"replies":[{"embeddable":true,"href":"https:\/\/cial.law\/en\/wp-json\/wp\/v2\/comments?post=384"}],"version-history":[{"count":7,"href":"https:\/\/cial.law\/en\/wp-json\/wp\/v2\/pages\/384\/revisions"}],"predecessor-version":[{"id":524,"href":"https:\/\/cial.law\/en\/wp-json\/wp\/v2\/pages\/384\/revisions\/524"}],"wp:attachment":[{"href":"https:\/\/cial.law\/en\/wp-json\/wp\/v2\/media?parent=384"}],"curies":[{"name":"wp","href":"https:\/\/api.w.org\/{rel}","templated":true}]}}