{"id":871,"date":"2026-01-29T10:09:16","date_gmt":"2026-01-29T10:09:16","guid":{"rendered":"https:\/\/cial.law\/?page_id=871"},"modified":"2026-01-31T18:23:37","modified_gmt":"2026-01-31T18:23:37","slug":"rosa-maria-virginia-carrillo-salazar","status":"publish","type":"page","link":"https:\/\/cial.law\/en\/rosa-maria-virginia-carrillo-salazar\/","title":{"rendered":"Rosa Mar\u00eda Virginia Carrillo Salazar"},"content":{"rendered":"<div data-elementor-type=\"wp-page\" data-elementor-id=\"871\" class=\"elementor elementor-871\" data-elementor-post-type=\"page\">\n\t\t\t\t<div class=\"elementor-element elementor-element-9b743b1 e-flex e-con-boxed e-con e-parent\" data-id=\"9b743b1\" data-element_type=\"container\" data-e-type=\"container\">\n\t\t\t\t\t<div class=\"e-con-inner\">\n\t\t\t\t<div class=\"elementor-element elementor-element-93fc4ce elementor-widget elementor-widget-spacer\" data-id=\"93fc4ce\" data-element_type=\"widget\" data-e-type=\"widget\" data-widget_type=\"spacer.default\">\n\t\t\t\t\t\t\t<div class=\"elementor-spacer\">\n\t\t\t<div class=\"elementor-spacer-inner\"><\/div>\n\t\t<\/div>\n\t\t\t\t\t\t<\/div>\n\t\t\t\t\t<\/div>\n\t\t\t\t<\/div>\n\t\t<div class=\"elementor-element elementor-element-773de15 e-flex e-con-boxed e-con e-parent\" data-id=\"773de15\" data-element_type=\"container\" data-e-type=\"container\">\n\t\t\t\t\t<div class=\"e-con-inner\">\n\t\t<div class=\"elementor-element elementor-element-23a5c14 e-con-full e-flex e-con e-child\" data-id=\"23a5c14\" data-element_type=\"container\" data-e-type=\"container\">\n\t\t<div class=\"elementor-element elementor-element-c4f9074 e-con-full e-flex e-con e-child\" data-id=\"c4f9074\" data-element_type=\"container\" data-e-type=\"container\">\n\t\t\t\t<div class=\"elementor-element elementor-element-926581e elementor-widget elementor-widget-image\" data-id=\"926581e\" data-element_type=\"widget\" data-e-type=\"widget\" data-widget_type=\"image.default\">\n\t\t\t\t\t\t\t\t\t\t\t\t\t\t\t<img fetchpriority=\"high\" decoding=\"async\" width=\"800\" height=\"800\" src=\"https:\/\/cial.law\/wp-content\/uploads\/2026\/01\/Rosa-Maria-Carrillo-1024x1024.webp\" class=\"attachment-large size-large wp-image-856\" alt=\"\" srcset=\"https:\/\/cial.law\/wp-content\/uploads\/2026\/01\/Rosa-Maria-Carrillo-1024x1024.webp 1024w, https:\/\/cial.law\/wp-content\/uploads\/2026\/01\/Rosa-Maria-Carrillo-300x300.webp 300w, https:\/\/cial.law\/wp-content\/uploads\/2026\/01\/Rosa-Maria-Carrillo-150x150.webp 150w, https:\/\/cial.law\/wp-content\/uploads\/2026\/01\/Rosa-Maria-Carrillo-768x768.webp 768w, https:\/\/cial.law\/wp-content\/uploads\/2026\/01\/Rosa-Maria-Carrillo.webp 1200w\" sizes=\"(max-width: 800px) 100vw, 800px\" \/>\t\t\t\t\t\t\t\t\t\t\t\t\t\t\t<\/div>\n\t\t\t\t<\/div>\n\t\t<div class=\"elementor-element elementor-element-12bd924 e-con-full e-flex e-con e-child\" data-id=\"12bd924\" data-element_type=\"container\" data-e-type=\"container\">\n\t\t\t\t<div class=\"elementor-element elementor-element-8ea9d44 elementor-widget elementor-widget-heading\" data-id=\"8ea9d44\" data-element_type=\"widget\" data-e-type=\"widget\" data-widget_type=\"heading.default\">\n\t\t\t\t\t<h2 class=\"elementor-heading-title elementor-size-default\">Rosa Mar\u00eda Virginia Carrillo Salazar<\/h2>\t\t\t\t<\/div>\n\t\t\t\t<div class=\"elementor-element elementor-element-75c9720 elementor-widget-divider--view-line elementor-widget elementor-widget-divider\" data-id=\"75c9720\" data-element_type=\"widget\" data-e-type=\"widget\" data-widget_type=\"divider.default\">\n\t\t\t\t\t\t\t<div class=\"elementor-divider\">\n\t\t\t<span class=\"elementor-divider-separator\">\n\t\t\t\t\t\t<\/span>\n\t\t<\/div>\n\t\t\t\t\t\t<\/div>\n\t\t\t\t<div class=\"elementor-element elementor-element-9d8c687 elementor-widget elementor-widget-text-editor\" data-id=\"9d8c687\" data-element_type=\"widget\" data-e-type=\"widget\" data-widget_type=\"text-editor.default\">\n\t\t\t\t\t\t\t\t\t<p>Abogada titulada y colegiada, con especializaci\u00f3n en Regulaci\u00f3n, Derecho P\u00fablico, Derecho Administrativo, Derecho Administrativo Sancionador, Negociaci\u00f3n, Arbitraje y Soluci\u00f3n de conflictos, procedimientos disciplinarios (laboral). T\u00edtulo de Postgrado en Soluci\u00f3n de Conflictos, Mediaci\u00f3n y Negociaci\u00f3n con Maestr\u00edas de Derecho Civil y de Gesti\u00f3n Ambiental. Con 19 a\u00f1os de experiencia en el Sector P\u00fablico bajo el r\u00e9gimen de la actividad privada, incluyendo experiencia en temas de Derecho Regulatorio, Contrataciones del Estado, Reclamos de Usuarios, Derecho Administrativo y Administrativo Sancionador.<\/p><p>Ha sido Secretaria T\u00e9cnica de varios tribunales administrativos y Gerente de los \u00d3rganos Resolutivos del Organismo Supervisor de la Inversi\u00f3n en Energ\u00eda y Miner\u00eda (Osinergmin). Actualmente es vocal de la Sala 2 del Tribunal del Servicio Civil. Experiencia de 3 a\u00f1os como representante de los Organismos Reguladores ante la Autoridad de Consumo del Indecopi. Miembro del Consejo Consultivo de la Revista Gesti\u00f3n y Control de Gaceta Jur\u00eddica.<\/p>\t\t\t\t\t\t\t\t<\/div>\n\t\t\t\t<\/div>\n\t\t\t\t<\/div>\n\t\t\t\t\t<\/div>\n\t\t\t\t<\/div>\n\t\t<div class=\"elementor-element elementor-element-e8e2100 e-flex e-con-boxed e-con e-parent\" data-id=\"e8e2100\" data-element_type=\"container\" data-e-type=\"container\">\n\t\t\t\t\t<div class=\"e-con-inner\">\n\t\t\t\t<div class=\"elementor-element elementor-element-194c163 elementor-widget elementor-widget-spacer\" data-id=\"194c163\" data-element_type=\"widget\" data-e-type=\"widget\" data-widget_type=\"spacer.default\">\n\t\t\t\t\t\t\t<div class=\"elementor-spacer\">\n\t\t\t<div class=\"elementor-spacer-inner\"><\/div>\n\t\t<\/div>\n\t\t\t\t\t\t<\/div>\n\t\t\t\t\t<\/div>\n\t\t\t\t<\/div>\n\t\t\t\t<\/div>","protected":false},"excerpt":{"rendered":"<p>Rosa Mar\u00eda Virginia Carrillo Salazar Abogada titulada y colegiada, con especializaci\u00f3n en Regulaci\u00f3n, Derecho P\u00fablico, Derecho Administrativo, Derecho Administrativo Sancionador, Negociaci\u00f3n, Arbitraje y Soluci\u00f3n de conflictos, procedimientos disciplinarios (laboral). T\u00edtulo de Postgrado en Soluci\u00f3n de Conflictos, Mediaci\u00f3n y Negociaci\u00f3n con Maestr\u00edas de Derecho Civil y de Gesti\u00f3n Ambiental. Con 19 a\u00f1os de experiencia en el [&hellip;]<\/p>\n","protected":false},"author":1,"featured_media":0,"parent":0,"menu_order":0,"comment_status":"closed","ping_status":"closed","template":"","meta":{"footnotes":""},"class_list":["post-871","page","type-page","status-publish","hentry"],"yoast_head":"<!-- This site is optimized with the Yoast SEO plugin v27.4 - https:\/\/yoast.com\/product\/yoast-seo-wordpress\/ -->\n<title>Rosa Mar\u00eda Virginia Carrillo Salazar - Centro Internacional de Arbitraje de Lima<\/title>\n<meta name=\"description\" content=\"El Centro Internacional de Arbitraje de Lima (CIARB LIMA) es un centro especializado en la administraci\u00f3n de arbitrajes y mecanismos alternativos de resoluci\u00f3n de disputas, tanto nacionales como internacionales, bajo est\u00e1ndares de excelencia, imparcialidad y eficiencia, en l\u00ednea con la normativa peruana y las mejores pr\u00e1cticas internacionales\" \/>\n<meta name=\"robots\" content=\"index, follow, max-snippet:-1, max-image-preview:large, max-video-preview:-1\" \/>\n<link rel=\"canonical\" href=\"https:\/\/cial.law\/en\/rosa-maria-virginia-carrillo-salazar\/\" \/>\n<meta property=\"og:locale\" content=\"en_US\" \/>\n<meta property=\"og:type\" content=\"article\" \/>\n<meta property=\"og:title\" content=\"Rosa Mar\u00eda Virginia Carrillo Salazar - Centro Internacional de Arbitraje de Lima\" \/>\n<meta property=\"og:description\" content=\"El Centro Internacional de Arbitraje de Lima (CIARB LIMA) es un centro especializado en la administraci\u00f3n de arbitrajes y mecanismos alternativos de resoluci\u00f3n de disputas, tanto nacionales como internacionales, bajo est\u00e1ndares de excelencia, imparcialidad y eficiencia, en l\u00ednea con la normativa peruana y las mejores pr\u00e1cticas internacionales\" \/>\n<meta property=\"og:url\" content=\"https:\/\/cial.law\/en\/rosa-maria-virginia-carrillo-salazar\/\" \/>\n<meta property=\"og:site_name\" content=\"Centro Internacional de Arbitraje de Lima\" \/>\n<meta property=\"article:modified_time\" content=\"2026-01-31T18:23:37+00:00\" \/>\n<meta property=\"og:image\" content=\"https:\/\/cial.law\/wp-content\/uploads\/2026\/01\/Rosa-Maria-Carrillo.webp\" \/>\n\t<meta property=\"og:image:width\" content=\"1200\" \/>\n\t<meta property=\"og:image:height\" content=\"1200\" \/>\n\t<meta property=\"og:image:type\" content=\"image\/webp\" \/>\n<meta name=\"twitter:card\" content=\"summary_large_image\" \/>\n<meta name=\"twitter:label1\" content=\"Est. reading time\" \/>\n\t<meta name=\"twitter:data1\" content=\"1 minute\" \/>\n<script type=\"application\/ld+json\" class=\"yoast-schema-graph\">{\"@context\":\"https:\\\/\\\/schema.org\",\"@graph\":[{\"@type\":\"WebPage\",\"@id\":\"https:\\\/\\\/cial.law\\\/rosa-maria-virginia-carrillo-salazar\\\/\",\"url\":\"https:\\\/\\\/cial.law\\\/rosa-maria-virginia-carrillo-salazar\\\/\",\"name\":\"Rosa Mar\u00eda Virginia Carrillo Salazar - Centro Internacional de Arbitraje de Lima\",\"isPartOf\":{\"@id\":\"https:\\\/\\\/cial.law\\\/#website\"},\"primaryImageOfPage\":{\"@id\":\"https:\\\/\\\/cial.law\\\/rosa-maria-virginia-carrillo-salazar\\\/#primaryimage\"},\"image\":{\"@id\":\"https:\\\/\\\/cial.law\\\/rosa-maria-virginia-carrillo-salazar\\\/#primaryimage\"},\"thumbnailUrl\":\"https:\\\/\\\/cial.law\\\/wp-content\\\/uploads\\\/2026\\\/01\\\/Rosa-Maria-Carrillo-1024x1024.webp\",\"datePublished\":\"2026-01-29T10:09:16+00:00\",\"dateModified\":\"2026-01-31T18:23:37+00:00\",\"description\":\"El Centro Internacional de Arbitraje de Lima (CIARB LIMA) es un centro especializado en la administraci\u00f3n de arbitrajes y mecanismos alternativos de resoluci\u00f3n de disputas, tanto nacionales como internacionales, bajo est\u00e1ndares de excelencia, imparcialidad y eficiencia, en l\u00ednea con la normativa peruana y las mejores pr\u00e1cticas internacionales\",\"breadcrumb\":{\"@id\":\"https:\\\/\\\/cial.law\\\/rosa-maria-virginia-carrillo-salazar\\\/#breadcrumb\"},\"inLanguage\":\"en-US\",\"potentialAction\":[{\"@type\":\"ReadAction\",\"target\":[\"https:\\\/\\\/cial.law\\\/rosa-maria-virginia-carrillo-salazar\\\/\"]}]},{\"@type\":\"ImageObject\",\"inLanguage\":\"en-US\",\"@id\":\"https:\\\/\\\/cial.law\\\/rosa-maria-virginia-carrillo-salazar\\\/#primaryimage\",\"url\":\"https:\\\/\\\/cial.law\\\/wp-content\\\/uploads\\\/2026\\\/01\\\/Rosa-Maria-Carrillo-1024x1024.webp\",\"contentUrl\":\"https:\\\/\\\/cial.law\\\/wp-content\\\/uploads\\\/2026\\\/01\\\/Rosa-Maria-Carrillo-1024x1024.webp\"},{\"@type\":\"BreadcrumbList\",\"@id\":\"https:\\\/\\\/cial.law\\\/rosa-maria-virginia-carrillo-salazar\\\/#breadcrumb\",\"itemListElement\":[{\"@type\":\"ListItem\",\"position\":1,\"name\":\"Home\",\"item\":\"https:\\\/\\\/cial.law\\\/\"},{\"@type\":\"ListItem\",\"position\":2,\"name\":\"Rosa Mar\u00eda Virginia Carrillo Salazar\"}]},{\"@type\":\"WebSite\",\"@id\":\"https:\\\/\\\/cial.law\\\/#website\",\"url\":\"https:\\\/\\\/cial.law\\\/\",\"name\":\"CIARB LIMA\",\"description\":\"Centro Internacional de Arbitraje de Lima\",\"publisher\":{\"@id\":\"https:\\\/\\\/cial.law\\\/#organization\"},\"potentialAction\":[{\"@type\":\"SearchAction\",\"target\":{\"@type\":\"EntryPoint\",\"urlTemplate\":\"https:\\\/\\\/cial.law\\\/?s={search_term_string}\"},\"query-input\":{\"@type\":\"PropertyValueSpecification\",\"valueRequired\":true,\"valueName\":\"search_term_string\"}}],\"inLanguage\":\"en-US\"},{\"@type\":\"Organization\",\"@id\":\"https:\\\/\\\/cial.law\\\/#organization\",\"name\":\"Centro Internacional de Arbitraje de Lima\",\"url\":\"https:\\\/\\\/cial.law\\\/\",\"logo\":{\"@type\":\"ImageObject\",\"inLanguage\":\"en-US\",\"@id\":\"https:\\\/\\\/cial.law\\\/#\\\/schema\\\/logo\\\/image\\\/\",\"url\":\"https:\\\/\\\/cial.law\\\/wp-content\\\/uploads\\\/2026\\\/01\\\/escudo-1.png\",\"contentUrl\":\"https:\\\/\\\/cial.law\\\/wp-content\\\/uploads\\\/2026\\\/01\\\/escudo-1.png\",\"width\":900,\"height\":1049,\"caption\":\"Centro Internacional de Arbitraje de Lima\"},\"image\":{\"@id\":\"https:\\\/\\\/cial.law\\\/#\\\/schema\\\/logo\\\/image\\\/\"}}]}<\/script>\n<!-- \/ Yoast SEO plugin. -->","yoast_head_json":{"title":"Rosa Mar\u00eda Virginia Carrillo Salazar - Centro Internacional de Arbitraje de Lima","description":"El Centro Internacional de Arbitraje de Lima (CIARB LIMA) es un centro especializado en la administraci\u00f3n de arbitrajes y mecanismos alternativos de resoluci\u00f3n de disputas, tanto nacionales como internacionales, bajo est\u00e1ndares de excelencia, imparcialidad y eficiencia, en l\u00ednea con la normativa peruana y las mejores pr\u00e1cticas internacionales","robots":{"index":"index","follow":"follow","max-snippet":"max-snippet:-1","max-image-preview":"max-image-preview:large","max-video-preview":"max-video-preview:-1"},"canonical":"https:\/\/cial.law\/en\/rosa-maria-virginia-carrillo-salazar\/","og_locale":"en_US","og_type":"article","og_title":"Rosa Mar\u00eda Virginia Carrillo Salazar - Centro Internacional de Arbitraje de Lima","og_description":"El Centro Internacional de Arbitraje de Lima (CIARB LIMA) es un centro especializado en la administraci\u00f3n de arbitrajes y mecanismos alternativos de resoluci\u00f3n de disputas, tanto nacionales como internacionales, bajo est\u00e1ndares de excelencia, imparcialidad y eficiencia, en l\u00ednea con la normativa peruana y las mejores pr\u00e1cticas internacionales","og_url":"https:\/\/cial.law\/en\/rosa-maria-virginia-carrillo-salazar\/","og_site_name":"Centro Internacional de Arbitraje de Lima","article_modified_time":"2026-01-31T18:23:37+00:00","og_image":[{"width":1200,"height":1200,"url":"https:\/\/cial.law\/wp-content\/uploads\/2026\/01\/Rosa-Maria-Carrillo.webp","type":"image\/webp"}],"twitter_card":"summary_large_image","twitter_misc":{"Est. reading time":"1 minute"},"schema":{"@context":"https:\/\/schema.org","@graph":[{"@type":"WebPage","@id":"https:\/\/cial.law\/rosa-maria-virginia-carrillo-salazar\/","url":"https:\/\/cial.law\/rosa-maria-virginia-carrillo-salazar\/","name":"Rosa Mar\u00eda Virginia Carrillo Salazar - Centro Internacional de Arbitraje de Lima","isPartOf":{"@id":"https:\/\/cial.law\/#website"},"primaryImageOfPage":{"@id":"https:\/\/cial.law\/rosa-maria-virginia-carrillo-salazar\/#primaryimage"},"image":{"@id":"https:\/\/cial.law\/rosa-maria-virginia-carrillo-salazar\/#primaryimage"},"thumbnailUrl":"https:\/\/cial.law\/wp-content\/uploads\/2026\/01\/Rosa-Maria-Carrillo-1024x1024.webp","datePublished":"2026-01-29T10:09:16+00:00","dateModified":"2026-01-31T18:23:37+00:00","description":"El Centro Internacional de Arbitraje de Lima (CIARB LIMA) es un centro especializado en la administraci\u00f3n de arbitrajes y mecanismos alternativos de resoluci\u00f3n de disputas, tanto nacionales como internacionales, bajo est\u00e1ndares de excelencia, imparcialidad y eficiencia, en l\u00ednea con la normativa peruana y las mejores pr\u00e1cticas internacionales","breadcrumb":{"@id":"https:\/\/cial.law\/rosa-maria-virginia-carrillo-salazar\/#breadcrumb"},"inLanguage":"en-US","potentialAction":[{"@type":"ReadAction","target":["https:\/\/cial.law\/rosa-maria-virginia-carrillo-salazar\/"]}]},{"@type":"ImageObject","inLanguage":"en-US","@id":"https:\/\/cial.law\/rosa-maria-virginia-carrillo-salazar\/#primaryimage","url":"https:\/\/cial.law\/wp-content\/uploads\/2026\/01\/Rosa-Maria-Carrillo-1024x1024.webp","contentUrl":"https:\/\/cial.law\/wp-content\/uploads\/2026\/01\/Rosa-Maria-Carrillo-1024x1024.webp"},{"@type":"BreadcrumbList","@id":"https:\/\/cial.law\/rosa-maria-virginia-carrillo-salazar\/#breadcrumb","itemListElement":[{"@type":"ListItem","position":1,"name":"Home","item":"https:\/\/cial.law\/"},{"@type":"ListItem","position":2,"name":"Rosa Mar\u00eda Virginia Carrillo Salazar"}]},{"@type":"WebSite","@id":"https:\/\/cial.law\/#website","url":"https:\/\/cial.law\/","name":"CIARB LIMA","description":"Lima International Arbitration Center","publisher":{"@id":"https:\/\/cial.law\/#organization"},"potentialAction":[{"@type":"SearchAction","target":{"@type":"EntryPoint","urlTemplate":"https:\/\/cial.law\/?s={search_term_string}"},"query-input":{"@type":"PropertyValueSpecification","valueRequired":true,"valueName":"search_term_string"}}],"inLanguage":"en-US"},{"@type":"Organization","@id":"https:\/\/cial.law\/#organization","name":"Lima International Arbitration Center","url":"https:\/\/cial.law\/","logo":{"@type":"ImageObject","inLanguage":"en-US","@id":"https:\/\/cial.law\/#\/schema\/logo\/image\/","url":"https:\/\/cial.law\/wp-content\/uploads\/2026\/01\/escudo-1.png","contentUrl":"https:\/\/cial.law\/wp-content\/uploads\/2026\/01\/escudo-1.png","width":900,"height":1049,"caption":"Centro Internacional de Arbitraje de Lima"},"image":{"@id":"https:\/\/cial.law\/#\/schema\/logo\/image\/"}}]}},"_links":{"self":[{"href":"https:\/\/cial.law\/en\/wp-json\/wp\/v2\/pages\/871","targetHints":{"allow":["GET"]}}],"collection":[{"href":"https:\/\/cial.law\/en\/wp-json\/wp\/v2\/pages"}],"about":[{"href":"https:\/\/cial.law\/en\/wp-json\/wp\/v2\/types\/page"}],"author":[{"embeddable":true,"href":"https:\/\/cial.law\/en\/wp-json\/wp\/v2\/users\/1"}],"replies":[{"embeddable":true,"href":"https:\/\/cial.law\/en\/wp-json\/wp\/v2\/comments?post=871"}],"version-history":[{"count":16,"href":"https:\/\/cial.law\/en\/wp-json\/wp\/v2\/pages\/871\/revisions"}],"predecessor-version":[{"id":1016,"href":"https:\/\/cial.law\/en\/wp-json\/wp\/v2\/pages\/871\/revisions\/1016"}],"wp:attachment":[{"href":"https:\/\/cial.law\/en\/wp-json\/wp\/v2\/media?parent=871"}],"curies":[{"name":"wp","href":"https:\/\/api.w.org\/{rel}","templated":true}]}}